{"id":3137,"date":"2025-11-11T15:27:33","date_gmt":"2025-11-11T15:27:33","guid":{"rendered":"https:\/\/www.ecotherapyinstitute.eu\/?page_id=3137"},"modified":"2025-11-11T15:40:26","modified_gmt":"2025-11-11T15:40:26","slug":"regulamin-strony","status":"publish","type":"page","link":"https:\/\/www.ecotherapyinstitute.eu\/index.php\/regulamin-strony\/","title":{"rendered":"Regulamin strony"},"content":{"rendered":"\t\t<div data-elementor-type=\"wp-page\" data-elementor-id=\"3137\" class=\"elementor elementor-3137\">\n\t\t\t\t\t\t\t\t\t<section class=\"elementor-section elementor-top-section elementor-element elementor-element-7d5515a elementor-section-boxed elementor-section-height-default elementor-section-height-default\" data-id=\"7d5515a\" data-element_type=\"section\">\n\t\t\t\t\t\t<div class=\"elementor-container elementor-column-gap-default\">\n\t\t\t\t\t<div class=\"elementor-column elementor-col-100 elementor-top-column elementor-element elementor-element-00e366c\" data-id=\"00e366c\" data-element_type=\"column\">\n\t\t\t<div class=\"elementor-widget-wrap elementor-element-populated\">\n\t\t\t\t\t\t\t\t<div class=\"elementor-element elementor-element-0d476ee elementor-widget elementor-widget-text-editor\" data-id=\"0d476ee\" data-element_type=\"widget\" data-widget_type=\"text-editor.default\">\n\t\t\t\t<div class=\"elementor-widget-container\">\n\t\t\t<style>\/*! elementor - v3.18.0 - 20-12-2023 *\/\n.elementor-widget-text-editor.elementor-drop-cap-view-stacked .elementor-drop-cap{background-color:#69727d;color:#fff}.elementor-widget-text-editor.elementor-drop-cap-view-framed .elementor-drop-cap{color:#69727d;border:3px solid;background-color:transparent}.elementor-widget-text-editor:not(.elementor-drop-cap-view-default) .elementor-drop-cap{margin-top:8px}.elementor-widget-text-editor:not(.elementor-drop-cap-view-default) .elementor-drop-cap-letter{width:1em;height:1em}.elementor-widget-text-editor .elementor-drop-cap{float:left;text-align:center;line-height:1;font-size:50px}.elementor-widget-text-editor .elementor-drop-cap-letter{display:inline-block}<\/style>\t\t\t\t<div class=\"content-wrap\"><article id=\"post-15421\" class=\"entry content-bg single-entry post-15421 page type-page status-publish has-post-thumbnail hentry\"><div class=\"entry-content-wrap\"><div class=\"entry-content single-content\"><h5 class=\"kt-adv-heading15421_5e4967-44 wp-block-kadence-advancedheading\" data-kb-block=\"kb-adv-heading15421_5e4967-44\">Regulamin strony internetowej Instytut Ekoterapii Relacyjnej<\/h5><h5 class=\"wp-block-heading has-text-align-center\">\u00a7 1 <br \/>DEFINICJE<\/h5><ol class=\"wp-block-list\"><li>Strona internetowa \u2013 Serwis internetowy Instytut Ekoterapii Relacyjnej, dost\u0119pny pod adresem https:\/\/www.ecotherapyinstitute.eu, prowadzony przez Us\u0142ugodawc\u0119.<\/li><li>Us\u0142ugodawca \u2013 Centrum Terapii Le\u015bnej Katarzyna Simonienko pod adresem ul. Weso\u0142a 36 m 14 15-306 Bia\u0142ystok, <strong>NIP: <\/strong>5432144582, <strong>REGON: <\/strong>386884310. Kiedy w Regulaminie u\u017cyte s\u0105 takie zwroty jak \u201emy\u201d, \u201enasz\u201d, \u201enami\u201d, itp. nale\u017cy przez to rozumie\u0107 Us\u0142ugodawc\u0119.<\/li><li>Us\u0142ugobiorca \u2013 ka\u017cdy podmiot korzystaj\u0105cy ze Strony internetowej, w tym z us\u0142ug na niej dost\u0119pnych.<\/li><li>Konsument \u2013 Us\u0142ugobiorca b\u0119d\u0105cy osob\u0105 fizyczn\u0105, korzystaj\u0105cy ze Strony internetowej bez bezpo\u015bredniego zwi\u0105zku z jego dzia\u0142alno\u015bci\u0105 gospodarcz\u0105 lub zawodow\u0105.<\/li><li>Przedsi\u0119biorca uprzywilejowany- Us\u0142ugobiorca, kt\u00f3ry jest osob\u0105 fizyczn\u0105 zawieraj\u0105c\u0105 na podstawie Regulaminu umow\u0119 (lub podejmuj\u0105c\u0105 czynno\u015bci zmierzaj\u0105ce do zawarcia tej umowy), bezpo\u015brednio zwi\u0105zan\u0105 z jej dzia\u0142alno\u015bci\u0105 gospodarcz\u0105, ale nieposiadaj\u0105c\u0105 dla niej charakteru zawodowego.<\/li><li>Us\u0142ugobiorca uprzywilejowany \u2013 Us\u0142ugobiorca, kt\u00f3ry jest Konsumentem lub Przedsi\u0119biorc\u0105 uprzywilejowanym.<\/li><\/ol><h5 class=\"wp-block-heading has-text-align-center\">\u00a7 2 <br \/>PUNKT KONTAKTOWY<\/h5><p>W celu kontaktowania si\u0119 z nami mo\u017cesz skorzysta\u0107 z nast\u0119puj\u0105cych form komunikacji elektronicznej:<\/p><p>\u2022 poczta elektroniczna: <a href=\"mailto:info@ecotherapyinstitute.eu\">info@ecotherapyinstitute.eu<\/a><\/p><h5 class=\"wp-block-heading has-text-align-center\">\u00a7 3 <br \/>J\u0118ZYK KOMUNIKACJI<\/h5><p>Mo\u017cesz skontaktowa\u0107 si\u0119 z nami w j\u0119zyku polskim oraz angielskim.<\/p><h5 class=\"wp-block-heading has-text-align-center\">\u00a7 4 <br \/>WARUNKI TECHNICZNE<\/h5><p>Dla prawid\u0142owego korzystania ze Strony internetowej konieczne jest spe\u0142nienie nast\u0119puj\u0105cych warunk\u00f3w technicznych:<\/p><ul class=\"wp-block-list\"><li>urz\u0105dzenie z dost\u0119pem do Internetu,<\/li><li>przegl\u0105darka internetowa obs\u0142uguj\u0105ca JavaScript i pliki cookies,<\/li><li>aktywne konto e-mail \u2013 je\u015bli korzystasz z funkcji wymagaj\u0105cych podania adresu e-mail.<\/li><\/ul><p>Ewentualne dodatkowe wymogi techniczne dotycz\u0105ce Us\u0142ug rozszerzonych s\u0105 wskazywane U\u017cytkownikowi zgodnie z wymogami przepis\u00f3w prawa.<\/p><h5 class=\"wp-block-heading has-text-align-center\">\u00a7 5 <br \/>US\u0141UGI NA STRONIE INTERNETOWEJ<\/h5><p>Na naszej Stronie internetowej \u015bwiadczymy us\u0142ugi cyfrowe, wskazane ni\u017cej w Regulaminie (\u201eUs\u0142ugi\u201d lub \u201eUs\u0142uga\u201d).<\/p><p>W ramach Strony internetowej wyr\u00f3\u017cniamy Us\u0142ugi:<\/p><ol class=\"wp-block-list\"><li>Podstawowe<br \/><ul class=\"wp-block-list\"><li>mo\u017cliwo\u015b\u0107 przegl\u0105dania naszej Strony internetowej<\/li><li>mo\u017cliwo\u015b\u0107 wyra\u017cenia zgody na otrzymywanie od nas drog\u0105 elektroniczn\u0105 wiadomo\u015bci marketingowych<\/li><\/ul><\/li><li>oraz Rozszerzone:<br \/><ul class=\"wp-block-list\"><li>umo\u017cliwienie zapisu na warsztaty (zasady korzystania z tej us\u0142ugi okre\u015blone s\u0105 odr\u0119bnie)<\/li><li>umo\u017cliwienie zapisu na newsletter (zasady korzystania z tej us\u0142ugi okre\u015blone s\u0105 odr\u0119bnie)<\/li><\/ul><\/li><\/ol><p><strong>US\u0141UGI PODSTAWOWE<\/strong><\/p><p>Korzystanie z Us\u0142ug podstawowych na Stronie internetowej jest bezp\u0142atne, ca\u0142kowicie dobrowolne i zale\u017cne od Twojej woli. W celu skorzystania z Us\u0142ugi podstawowej nale\u017cy skorzysta\u0107 z odpowiednich funkcji Strony internetowej. Rozpoczynamy \u015bwiadczenie Us\u0142ugi podstawowej w momencie rozpocz\u0119cia korzystania przez Ciebie z tej Us\u0142ugi. Mo\u017cesz bez ponoszenia jakichkolwiek koszt\u00f3w w ka\u017cdym czasie zrezygnowa\u0107 ze \u015bwiadczenia Us\u0142ugi podstawowej, poprzez zako\u0144czenie korzystania z tej Us\u0142ugi.<\/p><h5 class=\"wp-block-heading has-text-align-center\">\u00a7 6 <br \/>ROZPATRYWANIE REKLAMACJI<\/h5><p>Zasady przetwarzania danych osobowych i wykorzystywania plik\u00f3w cookies wskazane s\u0105 w polityce prywatno\u015bci dost\u0119pnej <a href=\"https:\/\/www.ecotherapyinstitute.eu\/index.php\/pl\/polityka-prywatnosci\/\">TUTAJ.<\/a><\/p><h5 class=\"wp-block-heading has-text-align-center\">\u00a7 7 <br \/>POZOSTA\u0141E POSTANOWIENIA DOTYCZ\u0104CE US\u0141UG<\/h5><p>Ka\u017cdorazowe skorzystanie przez Ciebie z Us\u0142ugi uregulowanej w niniejszym dokumencie stanowi odr\u0119bn\u0105 umow\u0119, a jej aktualna tre\u015b\u0107 \u2013 w postaci niniejszego Regulaminu \u2013 jest dost\u0119pna na Stronie internetowej. Zakazane jest dostarczanie przez Ciebie w ramach Us\u0142ug tre\u015bci o charakterze bezprawnym. Umowa zawierana jest w j\u0119zyku polskim, na czas i w celu \u015bwiadczenia Us\u0142ugi. Umowa podlega przepisom prawa polskiego, z zastrze\u017ceniem kolejnego zdania. Wyb\u00f3r prawa polskiego dla umowy zawartej na podstawie Regulaminu z Konsumentem nie uchyla i nie ogranicza Twoich konsumenckich praw przys\u0142uguj\u0105cych Ci na podstawie bezwzgl\u0119dnie obowi\u0105zuj\u0105cych przepis\u00f3w prawa, znajduj\u0105cych zastosowanie dla Ciebie w sytuacji, w kt\u00f3rej nie ma miejsca wyb\u00f3r prawa. Oznacza to w szczeg\u00f3lno\u015bci, \u017ce je\u015bli w\u0142a\u015bciwe dla Ciebie przepisy krajowe przewiduj\u0105 szersz\u0105 ochron\u0119 konsumenck\u0105 ni\u017c wynikaj\u0105ca z niniejszego Regulaminu lub prawa polskiego \u2013 stosuje si\u0119 t\u0119 ochron\u0119 szersz\u0105.<\/p><p>W przypadku ewentualnego sporu zwi\u0105zanego z umow\u0105, je\u015bli nie jeste\u015b Us\u0142ugobiorc\u0105 uprzywilejowanym, s\u0105dem w\u0142a\u015bciwym b\u0119dzie s\u0105d w\u0142a\u015bciwy dla naszej siedziby.<\/p><\/div><\/div><\/article><\/div>\t\t\t\t\t\t<\/div>\n\t\t\t\t<\/div>\n\t\t\t\t\t<\/div>\n\t\t<\/div>\n\t\t\t\t\t\t\t<\/div>\n\t\t<\/section>\n\t\t\t\t\t\t\t<\/div>\n\t\t","protected":false},"excerpt":{"rendered":"<p>Regulamin strony internetowej Instytut Ekoterapii Relacyjnej \u00a7 1 DEFINICJE Strona internetowa \u2013 Serwis internetowy Instytut Ekoterapii Relacyjnej, dost\u0119pny pod adresem https:\/\/www.ecotherapyinstitute.eu, prowadzony przez Us\u0142ugodawc\u0119. Us\u0142ugodawca \u2013 Centrum Terapii Le\u015bnej Katarzyna Simonienko pod adresem ul. Weso\u0142a 36 m 14 15-306 Bia\u0142ystok, NIP: 5432144582, REGON: 386884310. Kiedy w Regulaminie u\u017cyte s\u0105 takie zwroty jak \u201emy\u201d, \u201enasz\u201d, \u201enami\u201d, &hellip; <\/p>\n","protected":false},"author":1,"featured_media":0,"parent":0,"menu_order":0,"comment_status":"closed","ping_status":"closed","template":"","meta":{"footnotes":""},"class_list":["post-3137","page","type-page","status-publish","hentry"],"_links":{"self":[{"href":"https:\/\/www.ecotherapyinstitute.eu\/index.php\/wp-json\/wp\/v2\/pages\/3137","targetHints":{"allow":["GET"]}}],"collection":[{"href":"https:\/\/www.ecotherapyinstitute.eu\/index.php\/wp-json\/wp\/v2\/pages"}],"about":[{"href":"https:\/\/www.ecotherapyinstitute.eu\/index.php\/wp-json\/wp\/v2\/types\/page"}],"author":[{"embeddable":true,"href":"https:\/\/www.ecotherapyinstitute.eu\/index.php\/wp-json\/wp\/v2\/users\/1"}],"replies":[{"embeddable":true,"href":"https:\/\/www.ecotherapyinstitute.eu\/index.php\/wp-json\/wp\/v2\/comments?post=3137"}],"version-history":[{"count":7,"href":"https:\/\/www.ecotherapyinstitute.eu\/index.php\/wp-json\/wp\/v2\/pages\/3137\/revisions"}],"predecessor-version":[{"id":3145,"href":"https:\/\/www.ecotherapyinstitute.eu\/index.php\/wp-json\/wp\/v2\/pages\/3137\/revisions\/3145"}],"wp:attachment":[{"href":"https:\/\/www.ecotherapyinstitute.eu\/index.php\/wp-json\/wp\/v2\/media?parent=3137"}],"curies":[{"name":"wp","href":"https:\/\/api.w.org\/{rel}","templated":true}]}}