{"id":2983,"date":"2025-07-05T17:55:31","date_gmt":"2025-07-05T17:55:31","guid":{"rendered":"https:\/\/www.ecotherapyinstitute.eu\/?page_id=2983"},"modified":"2025-09-29T12:35:41","modified_gmt":"2025-09-29T12:35:41","slug":"krag-kobiet-w-drodze-do-pelni-2025","status":"publish","type":"page","link":"https:\/\/www.ecotherapyinstitute.eu\/index.php\/krag-kobiet-w-drodze-do-pelni-2025\/","title":{"rendered":"Kr\u0105g Kobiet w drodze do Pe\u0142ni 2025"},"content":{"rendered":"\t\t<div data-elementor-type=\"wp-page\" data-elementor-id=\"2983\" class=\"elementor elementor-2983\">\n\t\t\t\t\t\t\t\t\t<section class=\"elementor-section elementor-top-section elementor-element elementor-element-138424c elementor-section-boxed elementor-section-height-default elementor-section-height-default\" data-id=\"138424c\" data-element_type=\"section\">\n\t\t\t\t\t\t<div class=\"elementor-container elementor-column-gap-default\">\n\t\t\t\t\t<div class=\"elementor-column elementor-col-100 elementor-top-column elementor-element elementor-element-4e1105c\" data-id=\"4e1105c\" data-element_type=\"column\">\n\t\t\t<div class=\"elementor-widget-wrap elementor-element-populated\">\n\t\t\t\t\t\t\t\t<div class=\"elementor-element elementor-element-dba10f7 elementor-widget elementor-widget-image\" data-id=\"dba10f7\" data-element_type=\"widget\" data-widget_type=\"image.default\">\n\t\t\t\t<div class=\"elementor-widget-container\">\n\t\t\t<style>\/*! elementor - v3.18.0 - 20-12-2023 *\/\n.elementor-widget-image{text-align:center}.elementor-widget-image a{display:inline-block}.elementor-widget-image a img[src$=\".svg\"]{width:48px}.elementor-widget-image img{vertical-align:middle;display:inline-block}<\/style>\t\t\t\t\t\t\t\t\t\t\t\t<img fetchpriority=\"high\" decoding=\"async\" width=\"775\" height=\"310\" src=\"https:\/\/www.ecotherapyinstitute.eu\/wp-content\/uploads\/2025\/07\/Element-as-BG6-1024x410.png\" class=\"attachment-large size-large wp-image-3007\" alt=\"\" srcset=\"https:\/\/www.ecotherapyinstitute.eu\/wp-content\/uploads\/2025\/07\/Element-as-BG6-1024x410.png 1024w, https:\/\/www.ecotherapyinstitute.eu\/wp-content\/uploads\/2025\/07\/Element-as-BG6-300x120.png 300w, https:\/\/www.ecotherapyinstitute.eu\/wp-content\/uploads\/2025\/07\/Element-as-BG6-768x307.png 768w, https:\/\/www.ecotherapyinstitute.eu\/wp-content\/uploads\/2025\/07\/Element-as-BG6-1536x614.png 1536w, https:\/\/www.ecotherapyinstitute.eu\/wp-content\/uploads\/2025\/07\/Element-as-BG6-2048x819.png 2048w\" sizes=\"(max-width: 775px) 100vw, 775px\" \/>\t\t\t\t\t\t\t\t\t\t\t\t\t\t\t<\/div>\n\t\t\t\t<\/div>\n\t\t\t\t\t<\/div>\n\t\t<\/div>\n\t\t\t\t\t\t\t<\/div>\n\t\t<\/section>\n\t\t\t\t<section class=\"elementor-section elementor-top-section elementor-element elementor-element-c7bab5a elementor-section-boxed elementor-section-height-default elementor-section-height-default\" data-id=\"c7bab5a\" data-element_type=\"section\">\n\t\t\t\t\t\t<div class=\"elementor-container elementor-column-gap-default\">\n\t\t\t\t\t<div class=\"elementor-column elementor-col-100 elementor-top-column elementor-element elementor-element-3b07f12\" data-id=\"3b07f12\" data-element_type=\"column\">\n\t\t\t<div class=\"elementor-widget-wrap elementor-element-populated\">\n\t\t\t\t\t\t\t\t<div class=\"elementor-element elementor-element-4b4a23f elementor-widget elementor-widget-text-editor\" data-id=\"4b4a23f\" data-element_type=\"widget\" data-widget_type=\"text-editor.default\">\n\t\t\t\t<div class=\"elementor-widget-container\">\n\t\t\t<style>\/*! elementor - v3.18.0 - 20-12-2023 *\/\n.elementor-widget-text-editor.elementor-drop-cap-view-stacked .elementor-drop-cap{background-color:#69727d;color:#fff}.elementor-widget-text-editor.elementor-drop-cap-view-framed .elementor-drop-cap{color:#69727d;border:3px solid;background-color:transparent}.elementor-widget-text-editor:not(.elementor-drop-cap-view-default) .elementor-drop-cap{margin-top:8px}.elementor-widget-text-editor:not(.elementor-drop-cap-view-default) .elementor-drop-cap-letter{width:1em;height:1em}.elementor-widget-text-editor .elementor-drop-cap{float:left;text-align:center;line-height:1;font-size:50px}.elementor-widget-text-editor .elementor-drop-cap-letter{display:inline-block}<\/style>\t\t\t\t<p>Zapraszamy Was na wyj\u0105tkowe warsztaty oparte na psychologii jungowskiej &#8211; Kr\u0105g Kobiet w drodze do Pe\u0142ni. Tematem przewodnim b\u0119d\u0105 cztery jungowskie funkcje psychiczne: intuicja, intelekt, percepcja oraz uczucia, a zajmowa\u0107 si\u0119 b\u0119dziemy tak\u017ce procesem tw\u00f3czym, snami, prac\u0105 z cia\u0142em oraz opowie\u015bci\u0105.<\/p>\t\t\t\t\t\t<\/div>\n\t\t\t\t<\/div>\n\t\t\t\t\t<\/div>\n\t\t<\/div>\n\t\t\t\t\t\t\t<\/div>\n\t\t<\/section>\n\t\t\t\t<section class=\"elementor-section elementor-top-section elementor-element elementor-element-d987469 elementor-section-boxed elementor-section-height-default elementor-section-height-default\" data-id=\"d987469\" data-element_type=\"section\">\n\t\t\t\t\t\t<div class=\"elementor-container elementor-column-gap-default\">\n\t\t\t\t\t<div class=\"elementor-column elementor-col-100 elementor-top-column elementor-element elementor-element-8eea74b\" data-id=\"8eea74b\" data-element_type=\"column\">\n\t\t\t<div class=\"elementor-widget-wrap elementor-element-populated\">\n\t\t\t\t\t\t\t\t<div class=\"elementor-element elementor-element-21e5f75 elementor-widget elementor-widget-spacer\" data-id=\"21e5f75\" data-element_type=\"widget\" data-widget_type=\"spacer.default\">\n\t\t\t\t<div class=\"elementor-widget-container\">\n\t\t\t<style>\/*! elementor - v3.18.0 - 20-12-2023 *\/\n.elementor-column .elementor-spacer-inner{height:var(--spacer-size)}.e-con{--container-widget-width:100%}.e-con-inner>.elementor-widget-spacer,.e-con>.elementor-widget-spacer{width:var(--container-widget-width,var(--spacer-size));--align-self:var(--container-widget-align-self,initial);--flex-shrink:0}.e-con-inner>.elementor-widget-spacer>.elementor-widget-container,.e-con>.elementor-widget-spacer>.elementor-widget-container{height:100%;width:100%}.e-con-inner>.elementor-widget-spacer>.elementor-widget-container>.elementor-spacer,.e-con>.elementor-widget-spacer>.elementor-widget-container>.elementor-spacer{height:100%}.e-con-inner>.elementor-widget-spacer>.elementor-widget-container>.elementor-spacer>.elementor-spacer-inner,.e-con>.elementor-widget-spacer>.elementor-widget-container>.elementor-spacer>.elementor-spacer-inner{height:var(--container-widget-height,var(--spacer-size))}.e-con-inner>.elementor-widget-spacer.elementor-widget-empty,.e-con>.elementor-widget-spacer.elementor-widget-empty{position:relative;min-height:22px;min-width:22px}.e-con-inner>.elementor-widget-spacer.elementor-widget-empty .elementor-widget-empty-icon,.e-con>.elementor-widget-spacer.elementor-widget-empty .elementor-widget-empty-icon{position:absolute;top:0;bottom:0;left:0;right:0;margin:auto;padding:0;width:22px;height:22px}<\/style>\t\t<div class=\"elementor-spacer\">\n\t\t\t<div class=\"elementor-spacer-inner\"><\/div>\n\t\t<\/div>\n\t\t\t\t<\/div>\n\t\t\t\t<\/div>\n\t\t\t\t\t<\/div>\n\t\t<\/div>\n\t\t\t\t\t\t\t<\/div>\n\t\t<\/section>\n\t\t\t\t<section class=\"elementor-section elementor-top-section elementor-element elementor-element-e6c2d3e elementor-section-boxed elementor-section-height-default elementor-section-height-default\" data-id=\"e6c2d3e\" data-element_type=\"section\">\n\t\t\t\t\t\t<div class=\"elementor-container elementor-column-gap-default\">\n\t\t\t\t\t<div class=\"elementor-column elementor-col-100 elementor-top-column elementor-element elementor-element-17104fe\" data-id=\"17104fe\" data-element_type=\"column\">\n\t\t\t<div class=\"elementor-widget-wrap elementor-element-populated\">\n\t\t\t\t\t\t\t\t<div class=\"elementor-element elementor-element-a983e09 elementor-widget elementor-widget-text-editor\" data-id=\"a983e09\" data-element_type=\"widget\" data-widget_type=\"text-editor.default\">\n\t\t\t\t<div class=\"elementor-widget-container\">\n\t\t\t\t\t\t\t<p>W rozumieniu Carla Gustava Junga, tw\u00f3rcy <strong>psychologii g\u0142\u0119bi<\/strong>, <strong>Pe\u0142nia<\/strong> (niem. <em>Ganzheit<\/em>, ang. <em>wholeness<\/em>) to centralne poj\u0119cie zwi\u0105zane z jego koncepcj\u0105 <strong>indywiduacji<\/strong>, czyli procesu psychicznego prowadz\u0105cego do zintegrowania wszystkich aspekt\u00f3w osobowo\u015bci. Proces ten trwa ca\u0142e \u017cycie, lecz szczeg\u00f3lnie wyra\u017ca si\u0119 w jego drugiej po\u0142owie, kiedy stajemy si\u0119 coraz bardziej dojrza\u0142e. Znacie powiedzenie, \u017ce prawdziwe \u017cycie zaczyna si\u0119 po czterdziestce, wcze\u015bniej to tylko wersja testowa? \ud83d\ude09 To troch\u0119 tak a propos&#8230;<\/p><p><strong>Pe\u0142nia<\/strong> u Junga oznacza <strong>stan psychicznej ca\u0142o\u015bci<\/strong>, w kt\u00f3rym r\u00f3\u017cne elementy psychiki \u2013 \u015bwiadome i nie\u015bwiadome \u2013 zostaj\u0105 zintegrowane w jedno sp\u00f3jne \u201eJa\u201d . To nie oznacza doskona\u0142o\u015bci ani stanu bez konflikt\u00f3w, lecz <strong>\u015bwiadomo\u015b\u0107 i akceptacj\u0119 wszystkich aspekt\u00f3w siebie<\/strong>, r\u00f3wnie\u017c tych trudnych, wypartych czy sprzecznych.<\/p><p><strong>Kluczowe poj\u0119cia zwi\u0105zane z Pe\u0142ni\u0105:<\/strong><\/p><ol><li><strong>Self (Ja\u017a\u0144)<\/strong> \u2013 wed\u0142ug Junga to archetyp Pe\u0142ni i centrum ca\u0142ej psychiki, zar\u00f3wno \u015bwiadomej, jak i nie\u015bwiadomej. Self to wi\u0119cej ni\u017c ego \u2013 jest nadrz\u0119dnym punktem odniesienia, do kt\u00f3rego zmierza indywiduacja.<\/li><li><strong>Indywiduacja<\/strong> \u2013 proces dochodzenia do Pe\u0142ni, czyli do urzeczywistnienia Ja\u017ani. Wymaga integracji:<ul><li><strong>Cienia<\/strong> \u2013 wypartych, nieakceptowanych aspekt\u00f3w siebie,<\/li><li><strong>Animy\/Animusa<\/strong> \u2013 pierwiastk\u00f3w p\u0142ci przeciwnej w psychice (u m\u0119\u017cczyzny: anima, u kobiety: animus),<\/li><li><strong>Persony<\/strong> \u2013 spo\u0142ecznej maski, kt\u00f3r\u0105 nosimy w relacjach z otoczeniem.<\/li><\/ul><\/li><li><strong>Pe\u0142nia \u2260 ego<\/strong> \u2013 Jung wyra\u017anie odr\u00f3\u017cnia ego (\u015bwiadome \u201eja\u201d) od Pe\u0142ni. Ego to tylko cz\u0119\u015b\u0107 psychiki, kt\u00f3ra musi nauczy\u0107 si\u0119 wsp\u00f3\u0142istnie\u0107 z g\u0142\u0119bszymi, cz\u0119sto nie\u015bwiadomymi warstwami.<\/li><\/ol><p><strong>Symbolika Pe\u0142ni<\/strong><\/p><p>Jung uwa\u017ca\u0142, \u017ce Pe\u0142nia cz\u0119sto objawia si\u0119 w symbolach <strong>mandali<\/strong>, <strong>czworok\u0105ta<\/strong>, <strong>krzy\u017ca<\/strong>, <strong>ko\u0142a<\/strong> \u2013 form, kt\u00f3re wskazuj\u0105 na jedno\u015b\u0107 i r\u00f3wnowag\u0119 przeciwie\u0144stw. Formy te zwykle zawieraj\u0105 w sobie cyfr\u0119 cztery, kt\u00f3ra wg niego symbolizuje doskona\u0142o\u015b\u0107. Wewn\u0119trzny rozw\u00f3j i indywiduacj\u0119 odwo\u0142uje te\u017c do proces\u00f3w alchemicznych, czerpi\u0105c z bogatej symboliki nie tylko samej alchemii, ale te\u017c r\u00f3\u017cnorodnych mitologii i kultur.\u00a0<\/p>\t\t\t\t\t\t<\/div>\n\t\t\t\t<\/div>\n\t\t\t\t\t<\/div>\n\t\t<\/div>\n\t\t\t\t\t\t\t<\/div>\n\t\t<\/section>\n\t\t\t\t<section class=\"elementor-section elementor-top-section elementor-element elementor-element-515567d elementor-section-boxed elementor-section-height-default elementor-section-height-default\" data-id=\"515567d\" data-element_type=\"section\">\n\t\t\t\t\t\t<div class=\"elementor-container elementor-column-gap-default\">\n\t\t\t\t\t<div class=\"elementor-column elementor-col-100 elementor-top-column elementor-element elementor-element-ea967e0\" data-id=\"ea967e0\" data-element_type=\"column\">\n\t\t\t<div class=\"elementor-widget-wrap elementor-element-populated\">\n\t\t\t\t\t\t\t\t<div class=\"elementor-element elementor-element-0b59904 elementor-widget elementor-widget-image\" data-id=\"0b59904\" data-element_type=\"widget\" data-widget_type=\"image.default\">\n\t\t\t\t<div class=\"elementor-widget-container\">\n\t\t\t\t\t\t\t\t\t\t\t\t\t\t\t<img decoding=\"async\" src=\"https:\/\/www.ecotherapyinstitute.eu\/wp-content\/uploads\/elementor\/thumbs\/nauczyciele-r8botbi2vr58t8akyqk8awu8uy23008xvof27ft5g0.png\" title=\"nauczyciele\" alt=\"nauczyciele\" loading=\"lazy\" \/>\t\t\t\t\t\t\t\t\t\t\t\t\t\t\t<\/div>\n\t\t\t\t<\/div>\n\t\t\t\t\t<\/div>\n\t\t<\/div>\n\t\t\t\t\t\t\t<\/div>\n\t\t<\/section>\n\t\t\t\t<section class=\"elementor-section elementor-top-section elementor-element elementor-element-1cdbdd5 elementor-section-boxed elementor-section-height-default elementor-section-height-default\" data-id=\"1cdbdd5\" data-element_type=\"section\">\n\t\t\t\t\t\t<div class=\"elementor-container elementor-column-gap-default\">\n\t\t\t\t\t<div class=\"elementor-column elementor-col-100 elementor-top-column elementor-element elementor-element-c96f1d3\" data-id=\"c96f1d3\" data-element_type=\"column\">\n\t\t\t<div class=\"elementor-widget-wrap elementor-element-populated\">\n\t\t\t\t\t\t\t\t<div class=\"elementor-element elementor-element-096efc7 elementor-widget elementor-widget-text-editor\" data-id=\"096efc7\" data-element_type=\"widget\" data-widget_type=\"text-editor.default\">\n\t\t\t\t<div class=\"elementor-widget-container\">\n\t\t\t\t\t\t\t<p>Cztery funkcje psychiczne s\u0105 kluczowym elementem <strong data-start=\"61\" data-end=\"90\">typologii psychologicznej<\/strong> C.G. Junga. Stanowi\u0105 one spos\u00f3b, w jaki cz\u0142owiek poznaje rzeczywisto\u015b\u0107 i reaguje na ni\u0105 \u2013 czyli <strong data-start=\"187\" data-end=\"236\">jak przetwarza informacje i podejmuje decyzje<\/strong>.<\/p><p>Jung podzieli\u0142 funkcje psychiczne na dwie g\u0142\u00f3wne grupy:<\/p><ol><li><strong data-start=\"357\" data-end=\"392\">Funkcje poznawcze (percepcyjne)<\/strong> \u2013 odpowiadaj\u0105 za to, <strong data-start=\"414\" data-end=\"440\">jak postrzegamy \u015bwiat:<\/strong><\/li><\/ol><p data-start=\"444\" data-end=\"590\"><strong data-start=\"444\" data-end=\"478\">Percepcja zmys\u0142owa <\/strong>\u00a0\u2013 odbieranie rzeczywisto\u015bci przez zmys\u0142y; skupienie na faktach, detalach, tym co konkretne i obecne tu i teraz.<\/p><p data-start=\"593\" data-end=\"735\"><strong data-start=\"593\" data-end=\"617\">Intuicja <\/strong>\u2013 postrzeganie przez nie\u015bwiadome przeczucia, symbole, obrazy; orientacja na mo\u017cliwo\u015bci, przysz\u0142o\u015b\u0107, znaczenia ukryte.<\/p><ol start=\"2\"><li><strong data-start=\"745\" data-end=\"780\">Funkcje oceniaj\u0105ce (racjonalne)<\/strong> \u2013 odpowiadaj\u0105 za to, <strong data-start=\"802\" data-end=\"855\">jak oceniamy i reagujemy na to, co postrzegli\u015bmy:<\/strong><\/li><\/ol><p data-start=\"859\" data-end=\"969\"><strong data-start=\"859\" data-end=\"882\">My\u015blenie <\/strong>\u2013 ocenianie rzeczywisto\u015bci w oparciu o logik\u0119, obiektywne zasady, analiz\u0119 i struktur\u0119.<\/p><p data-start=\"972\" data-end=\"1086\"><strong data-start=\"972\" data-end=\"996\">Odczuwanie <\/strong>\u00a0\u2013 ocenianie rzeczywisto\u015bci przez pryzmat warto\u015bci, relacji, emocji i znaczenia dla osoby.<\/p><p>Ka\u017cdy cz\u0142owiek ma wszystkie cztery funkcje \u2013 ale w r\u00f3\u017cnym stopniu rozwini\u0119cia:<\/p><p data-start=\"1182\" data-end=\"1275\">Jedna z nich dominuje \u2013 to <strong data-start=\"1209\" data-end=\"1231\">funkcja dominuj\u0105ca<\/strong>, najcz\u0119\u015bciej u\u017cywana, najlepiej rozwini\u0119ta.<\/p><p data-start=\"1278\" data-end=\"1376\">Dwie kolejne s\u0105 <strong data-start=\"1294\" data-end=\"1320\">funkcjami pomocniczymi<\/strong> \u2013 wspieraj\u0105 funkcj\u0119 dominuj\u0105c\u0105, cho\u0107 s\u0105 mniej \u015bwiadome.<\/p><p data-start=\"1379\" data-end=\"1517\">Ostatnia, najs\u0142abiej rozwini\u0119ta, to <strong data-start=\"1415\" data-end=\"1454\">funkcja czwarta (inferior function)<\/strong> \u2013 zazwyczaj nieu\u015bwiadomiona, cz\u0119sto nieakceptowana lub trudna.<\/p><p>Funkcje psychiczne mog\u0105 by\u0107 skierowane <strong data-start=\"1951\" data-end=\"1985\">na zewn\u0105trz (ekstrawertycznie)<\/strong> lub <strong data-start=\"1990\" data-end=\"2023\">do wewn\u0105trz (introwertycznie)<\/strong>. To oznacza, \u017ce np. my\u015blenie ekstrawertyczne r\u00f3\u017cni si\u0119 od my\u015blenia introwertycznego:<\/p><p data-start=\"2112\" data-end=\"2190\"><strong data-start=\"2112\" data-end=\"2140\">My\u015blenie ekstrawertyczne<\/strong> \u2013 oparte na zewn\u0119trznych zasadach, logice \u015bwiata.<\/p><p data-start=\"2193\" data-end=\"2291\"><strong data-start=\"2193\" data-end=\"2220\">My\u015blenie introwertyczne<\/strong> \u2013 bardziej subiektywne, refleksyjne, ukierunkowane na wewn\u0119trzne idee. Z tych funkcji Jung wyodr\u0119bni\u0142 8 typ\u00f3w psychologicznych:<\/p><p data-start=\"2400\" data-end=\"2548\">Ekstrawertyczne i introwertyczne wersje ka\u017cdej z czterech funkcji dominuj\u0105cych, czyli np. ekstrawertyczny intuicyjny, introwertyczny czuciowiec itd.<\/p>\t\t\t\t\t\t<\/div>\n\t\t\t\t<\/div>\n\t\t\t\t\t<\/div>\n\t\t<\/div>\n\t\t\t\t\t\t\t<\/div>\n\t\t<\/section>\n\t\t\t\t<section class=\"elementor-section elementor-top-section elementor-element elementor-element-76c1ee0 elementor-section-boxed elementor-section-height-default elementor-section-height-default\" data-id=\"76c1ee0\" data-element_type=\"section\">\n\t\t\t\t\t\t<div class=\"elementor-container elementor-column-gap-default\">\n\t\t\t\t\t<div class=\"elementor-column elementor-col-100 elementor-top-column elementor-element elementor-element-c6bf712\" data-id=\"c6bf712\" data-element_type=\"column\">\n\t\t\t<div class=\"elementor-widget-wrap elementor-element-populated\">\n\t\t\t\t\t\t\t\t<div class=\"elementor-element elementor-element-afd8b71 elementor-widget elementor-widget-image\" data-id=\"afd8b71\" data-element_type=\"widget\" data-widget_type=\"image.default\">\n\t\t\t\t<div class=\"elementor-widget-container\">\n\t\t\t\t\t\t\t\t\t\t\t\t\t\t\t<img decoding=\"async\" src=\"https:\/\/www.ecotherapyinstitute.eu\/wp-content\/uploads\/elementor\/thumbs\/nauczyciele1-r8bot9mfpxujbf6rcjxoqwbobo2ryha0hq7fdbu75w.png\" title=\"nauczyciele(1)\" alt=\"nauczyciele(1)\" loading=\"lazy\" \/>\t\t\t\t\t\t\t\t\t\t\t\t\t\t\t<\/div>\n\t\t\t\t<\/div>\n\t\t\t\t\t<\/div>\n\t\t<\/div>\n\t\t\t\t\t\t\t<\/div>\n\t\t<\/section>\n\t\t\t\t<section class=\"elementor-section elementor-top-section elementor-element elementor-element-0065ec5 elementor-section-boxed elementor-section-height-default elementor-section-height-default\" data-id=\"0065ec5\" data-element_type=\"section\">\n\t\t\t\t\t\t<div class=\"elementor-container elementor-column-gap-default\">\n\t\t\t\t\t<div class=\"elementor-column elementor-col-100 elementor-top-column elementor-element elementor-element-eeb538a\" data-id=\"eeb538a\" data-element_type=\"column\">\n\t\t\t<div class=\"elementor-widget-wrap elementor-element-populated\">\n\t\t\t\t\t\t\t\t<div class=\"elementor-element elementor-element-4dabacb elementor-widget elementor-widget-text-editor\" data-id=\"4dabacb\" data-element_type=\"widget\" data-widget_type=\"text-editor.default\">\n\t\t\t\t<div class=\"elementor-widget-container\">\n\t\t\t\t\t\t\t<p>Podczas pa\u017adziernikowych warsztat\u00f3w porozmawiamy sobie u funkcjach psychologicznych i spr\u00f3bujemy do\u015bwiadczy\u0107 ka\u017cdej z nich:<\/p><p>1.Percepcja:<\/p><ul><li>zanurzymy si\u0119 w Przyrodzie z zaanga\u017cowaniem wszystkich zmys\u0142\u00f3w poprzez \u0107wiczenia aktywuj\u0105ce ich dzia\u0142anie, k\u0105piel le\u015bn\u0105 i mindfulness w naturze<\/li><li>popracujemy z cia\u0142em dzi\u0119ki \u0107wiczeniom oddechowym i wsp\u00f3lnym aktywno\u015bciom tanecznym niewymagaj\u0105cym \u017cadnych wcze\u015bniejszych umiej\u0119tno\u015bci<\/li><\/ul><p>2. My\u015blenie:<\/p><ul><li>przyjrzymy si\u0119 teoretycznym za\u0142o\u017ceniam procesu indywiduacji<\/li><li>zatrzymamy przy fragmentach ksi\u0105\u017cki &#8222;Mapa Duszy&#8221; M. Steina<\/li><\/ul><p>3. Uczucia:<\/p><ul><li>przyjrzymy si\u0119 naszym emocjom i uczuciom w kontakcie z Przyrod\u0105, w Kr\u0119gu, w relacjach z istotami innymi ni\u017c ludzkie<\/li><\/ul><p>4. Intuicja:<\/p><ul><li>do\u015bwiadczymy kontaktu z nie\u015bwiadomo\u015bci\u0105 poprzez wsp\u00f3ln\u0105 przestrze\u0144 wymiany marze\u0144 sennych<\/li><li>popracujemy z metafor\u0105 i symbolami za pomoc\u0105 narz\u0119dzi takich jak karty metaforyczne<\/li><li>stworzymy przestrze\u0144 do snucia wsp\u00f3lnych opowie\u015bci i poszukamy ich znaczenia indywidualnego i zbiorowego<\/li><li>poruszaj\u0105c temat kamienia filozoficznego, stworzymy bi\u017cuteri\u0119 z naturalnych kamieni i przyjrzymy si\u0119 jej symbolice osobistej i zbiorowej<\/li><li>poszukamy metaforycznych i symbolicznych tre\u015bci w Przyrodzie podczas k\u0105pieli le\u015bnej<\/li><\/ul>\t\t\t\t\t\t<\/div>\n\t\t\t\t<\/div>\n\t\t\t\t\t<\/div>\n\t\t<\/div>\n\t\t\t\t\t\t\t<\/div>\n\t\t<\/section>\n\t\t\t\t<section class=\"elementor-section elementor-top-section elementor-element elementor-element-d494a24 elementor-section-boxed elementor-section-height-default elementor-section-height-default\" data-id=\"d494a24\" data-element_type=\"section\">\n\t\t\t\t\t\t<div class=\"elementor-container elementor-column-gap-default\">\n\t\t\t\t\t<div class=\"elementor-column elementor-col-50 elementor-top-column elementor-element elementor-element-f40c40b\" data-id=\"f40c40b\" data-element_type=\"column\">\n\t\t\t<div class=\"elementor-widget-wrap elementor-element-populated\">\n\t\t\t\t\t\t\t\t<div class=\"elementor-element elementor-element-3808b54 elementor-widget elementor-widget-text-editor\" data-id=\"3808b54\" data-element_type=\"widget\" data-widget_type=\"text-editor.default\">\n\t\t\t\t<div class=\"elementor-widget-container\">\n\t\t\t\t\t\t\t<p><strong>Prowadz\u0105ca:<\/strong> zaj\u0119cia poprowadzi <strong>dr n. med. Katarzyna Simonienko<\/strong>, psychiatra, certyfikowana przewodniczka k\u0105pieli le\u015bnych i terapii le\u015bnej, w trakcie szkolenia z psychologii g\u0142\u0119bi w Stowarzyszeniu Analityk\u00f3w Jungowskich, autorka ksi\u0105\u017cek &#8222;Nerwy w las. Jak odnale\u017c\u0107 spok\u00f3j i rado\u015b\u0107 \u017cycia&#8221;, &#8222;Lasoterapia&#8221;, &#8222;Terapia lasem w badaniach i praktyce&#8221;. Dr Simonienko posiada bogate do\u015bwiadczenie w prowadzeniu le\u015bnych spacer\u00f3w terapeutycznych bazuj\u0105cych na pracy ze zmys\u0142ami, metafor\u0105 i symbolem oraz zaj\u0119\u0107 ekoterapeutycznych. Certyfikat ekoterapeutki uko\u0144czy\u0142a na jungowsko zorientowanej Pacifica Graduate Institute, USA. Regularnie pracuje z nie\u015bwiadomo\u015bci\u0105 podczas indywidualnej szkoleniowej analizy jungowskiej.<\/p>\t\t\t\t\t\t<\/div>\n\t\t\t\t<\/div>\n\t\t\t\t\t<\/div>\n\t\t<\/div>\n\t\t\t\t<div class=\"elementor-column elementor-col-50 elementor-top-column elementor-element elementor-element-3c9444c\" data-id=\"3c9444c\" data-element_type=\"column\">\n\t\t\t<div class=\"elementor-widget-wrap elementor-element-populated\">\n\t\t\t\t\t\t\t\t<div class=\"elementor-element elementor-element-803c89a elementor-widget elementor-widget-image\" data-id=\"803c89a\" data-element_type=\"widget\" data-widget_type=\"image.default\">\n\t\t\t\t<div class=\"elementor-widget-container\">\n\t\t\t\t\t\t\t\t\t\t\t\t\t\t\t<img decoding=\"async\" width=\"775\" height=\"775\" src=\"https:\/\/www.ecotherapyinstitute.eu\/wp-content\/uploads\/2024\/01\/profil.jpg\" class=\"attachment-large size-large wp-image-445\" alt=\"\" srcset=\"https:\/\/www.ecotherapyinstitute.eu\/wp-content\/uploads\/2024\/01\/profil.jpg 960w, https:\/\/www.ecotherapyinstitute.eu\/wp-content\/uploads\/2024\/01\/profil-300x300.jpg 300w, https:\/\/www.ecotherapyinstitute.eu\/wp-content\/uploads\/2024\/01\/profil-150x150.jpg 150w, https:\/\/www.ecotherapyinstitute.eu\/wp-content\/uploads\/2024\/01\/profil-768x768.jpg 768w\" sizes=\"(max-width: 775px) 100vw, 775px\" \/>\t\t\t\t\t\t\t\t\t\t\t\t\t\t\t<\/div>\n\t\t\t\t<\/div>\n\t\t\t\t\t<\/div>\n\t\t<\/div>\n\t\t\t\t\t\t\t<\/div>\n\t\t<\/section>\n\t\t\t\t\t\t\t<\/div>\n\t\t","protected":false},"excerpt":{"rendered":"<p>Zapraszamy Was na wyj\u0105tkowe warsztaty oparte na psychologii jungowskiej &#8211; Kr\u0105g Kobiet w drodze do Pe\u0142ni. Tematem przewodnim b\u0119d\u0105 cztery jungowskie funkcje psychiczne: intuicja, intelekt, percepcja oraz uczucia, a zajmowa\u0107 si\u0119 b\u0119dziemy tak\u017ce procesem tw\u00f3czym, snami, prac\u0105 z cia\u0142em oraz opowie\u015bci\u0105. W rozumieniu Carla Gustava Junga, tw\u00f3rcy psychologii g\u0142\u0119bi, Pe\u0142nia (niem. Ganzheit, ang. wholeness) to &hellip; <\/p>\n","protected":false},"author":1,"featured_media":0,"parent":0,"menu_order":0,"comment_status":"closed","ping_status":"closed","template":"","meta":{"footnotes":""},"class_list":["post-2983","page","type-page","status-publish","hentry"],"_links":{"self":[{"href":"https:\/\/www.ecotherapyinstitute.eu\/index.php\/wp-json\/wp\/v2\/pages\/2983","targetHints":{"allow":["GET"]}}],"collection":[{"href":"https:\/\/www.ecotherapyinstitute.eu\/index.php\/wp-json\/wp\/v2\/pages"}],"about":[{"href":"https:\/\/www.ecotherapyinstitute.eu\/index.php\/wp-json\/wp\/v2\/types\/page"}],"author":[{"embeddable":true,"href":"https:\/\/www.ecotherapyinstitute.eu\/index.php\/wp-json\/wp\/v2\/users\/1"}],"replies":[{"embeddable":true,"href":"https:\/\/www.ecotherapyinstitute.eu\/index.php\/wp-json\/wp\/v2\/comments?post=2983"}],"version-history":[{"count":22,"href":"https:\/\/www.ecotherapyinstitute.eu\/index.php\/wp-json\/wp\/v2\/pages\/2983\/revisions"}],"predecessor-version":[{"id":3136,"href":"https:\/\/www.ecotherapyinstitute.eu\/index.php\/wp-json\/wp\/v2\/pages\/2983\/revisions\/3136"}],"wp:attachment":[{"href":"https:\/\/www.ecotherapyinstitute.eu\/index.php\/wp-json\/wp\/v2\/media?parent=2983"}],"curies":[{"name":"wp","href":"https:\/\/api.w.org\/{rel}","templated":true}]}}