{"id":2455,"date":"2025-01-03T18:27:32","date_gmt":"2025-01-03T18:27:32","guid":{"rendered":"https:\/\/www.ecotherapyinstitute.eu\/?page_id=2455"},"modified":"2025-07-08T06:38:59","modified_gmt":"2025-07-08T06:38:59","slug":"kalendarium-2025","status":"publish","type":"page","link":"https:\/\/www.ecotherapyinstitute.eu\/index.php\/kalendarium-2025\/","title":{"rendered":"Kalendarium 2025"},"content":{"rendered":"\t\t<div data-elementor-type=\"wp-page\" data-elementor-id=\"2455\" class=\"elementor elementor-2455\">\n\t\t\t\t\t\t\t\t\t<section class=\"elementor-section elementor-top-section elementor-element elementor-element-5d3c2fc elementor-section-boxed elementor-section-height-default elementor-section-height-default\" data-id=\"5d3c2fc\" data-element_type=\"section\">\n\t\t\t\t\t\t<div class=\"elementor-container elementor-column-gap-default\">\n\t\t\t\t\t<div class=\"elementor-column elementor-col-100 elementor-top-column elementor-element elementor-element-308437c\" data-id=\"308437c\" data-element_type=\"column\">\n\t\t\t<div class=\"elementor-widget-wrap elementor-element-populated\">\n\t\t\t\t\t\t\t\t<div class=\"elementor-element elementor-element-f794764 elementor-widget elementor-widget-text-editor\" data-id=\"f794764\" data-element_type=\"widget\" data-widget_type=\"text-editor.default\">\n\t\t\t\t<div class=\"elementor-widget-container\">\n\t\t\t<style>\/*! elementor - v3.18.0 - 20-12-2023 *\/\n.elementor-widget-text-editor.elementor-drop-cap-view-stacked .elementor-drop-cap{background-color:#69727d;color:#fff}.elementor-widget-text-editor.elementor-drop-cap-view-framed .elementor-drop-cap{color:#69727d;border:3px solid;background-color:transparent}.elementor-widget-text-editor:not(.elementor-drop-cap-view-default) .elementor-drop-cap{margin-top:8px}.elementor-widget-text-editor:not(.elementor-drop-cap-view-default) .elementor-drop-cap-letter{width:1em;height:1em}.elementor-widget-text-editor .elementor-drop-cap{float:left;text-align:center;line-height:1;font-size:50px}.elementor-widget-text-editor .elementor-drop-cap-letter{display:inline-block}<\/style>\t\t\t\t<h4>Marzec:<\/h4>\t\t\t\t\t\t<\/div>\n\t\t\t\t<\/div>\n\t\t\t\t\t<\/div>\n\t\t<\/div>\n\t\t\t\t\t\t\t<\/div>\n\t\t<\/section>\n\t\t\t\t<section class=\"elementor-section elementor-top-section elementor-element elementor-element-ff58462 elementor-section-boxed elementor-section-height-default elementor-section-height-default\" data-id=\"ff58462\" data-element_type=\"section\">\n\t\t\t\t\t\t<div class=\"elementor-container elementor-column-gap-default\">\n\t\t\t\t\t<div class=\"elementor-column elementor-col-100 elementor-top-column elementor-element elementor-element-b1e6b6e\" data-id=\"b1e6b6e\" data-element_type=\"column\">\n\t\t\t<div class=\"elementor-widget-wrap elementor-element-populated\">\n\t\t\t\t\t\t\t\t<div class=\"elementor-element elementor-element-a7c4072 elementor-widget elementor-widget-text-editor\" data-id=\"a7c4072\" data-element_type=\"widget\" data-widget_type=\"text-editor.default\">\n\t\t\t\t<div class=\"elementor-widget-container\">\n\t\t\t\t\t\t\t<p>05.03.2025 Webinar z cyklu &#8222;Lasoterapia dooko\u0142a \u015bwiata&#8221;- Japonia, cz\u0119\u015b\u0107 I : Nippon University, <span lang=\"en\">wie\u015bci z kongresu INFOMu, shinrin-yoku u <\/span>dr <span lang=\"en\">Qing Li<\/span><\/p><p><span lang=\"en\">12.03.2025 Webinar z cyklu &#8222;Lasoterapia dooko\u0142a \u015bwiata&#8221; &#8211; Japonia, cz\u0119\u015b\u0107 II: Sekrety lasoterapii z <\/span>\u4fe1\u6fc3\u753a, Shinano-machi. O czym Zach\u00f3d jeszcze nie wie<em><br \/><\/em><\/p><p><span lang=\"en\">19.03.2025 Webinar z cyklu &#8222;Lasoterapia dooko\u0142a \u015bwiata &#8211; Japonia, cz\u0119\u015b\u0107 III: <\/span><span lang=\"en\">Legendarna Akasawa czyli w \u015bwiecie cyprys\u00f3w hinoki, lasoterapia w jednym z najbardziej znanych o\u015brodk\u00f3w japo\u0144skich oraz inne lokalne atrakcje oko\u0142otematyczne<\/span><\/p><p><em>\u00a0<\/em><\/p>\t\t\t\t\t\t<\/div>\n\t\t\t\t<\/div>\n\t\t\t\t\t<\/div>\n\t\t<\/div>\n\t\t\t\t\t\t\t<\/div>\n\t\t<\/section>\n\t\t\t\t<section class=\"elementor-section elementor-top-section elementor-element elementor-element-30b16bb elementor-section-boxed elementor-section-height-default elementor-section-height-default\" data-id=\"30b16bb\" data-element_type=\"section\">\n\t\t\t\t\t\t<div class=\"elementor-container elementor-column-gap-default\">\n\t\t\t\t\t<div class=\"elementor-column elementor-col-100 elementor-top-column elementor-element elementor-element-af1b06c\" data-id=\"af1b06c\" data-element_type=\"column\">\n\t\t\t<div class=\"elementor-widget-wrap elementor-element-populated\">\n\t\t\t\t\t\t\t\t<div class=\"elementor-element elementor-element-e235e35 elementor-widget elementor-widget-text-editor\" data-id=\"e235e35\" data-element_type=\"widget\" data-widget_type=\"text-editor.default\">\n\t\t\t\t<div class=\"elementor-widget-container\">\n\t\t\t\t\t\t\t<h4>Kwiecie\u0144:<\/h4>\t\t\t\t\t\t<\/div>\n\t\t\t\t<\/div>\n\t\t\t\t\t<\/div>\n\t\t<\/div>\n\t\t\t\t\t\t\t<\/div>\n\t\t<\/section>\n\t\t\t\t<section class=\"elementor-section elementor-top-section elementor-element elementor-element-ebad325 elementor-section-boxed elementor-section-height-default elementor-section-height-default\" data-id=\"ebad325\" data-element_type=\"section\">\n\t\t\t\t\t\t<div class=\"elementor-container elementor-column-gap-default\">\n\t\t\t\t\t<div class=\"elementor-column elementor-col-100 elementor-top-column elementor-element elementor-element-9ee9cac\" data-id=\"9ee9cac\" data-element_type=\"column\">\n\t\t\t<div class=\"elementor-widget-wrap elementor-element-populated\">\n\t\t\t\t\t\t\t\t<div class=\"elementor-element elementor-element-8c4396b elementor-widget elementor-widget-text-editor\" data-id=\"8c4396b\" data-element_type=\"widget\" data-widget_type=\"text-editor.default\">\n\t\t\t\t<div class=\"elementor-widget-container\">\n\t\t\t\t\t\t\t<p>15.04.2025 Webinar z cyklu &#8222;Lasoterapia dooko\u0142a \u015bwiata&#8221;: Korea Po\u0142udniowa<\/p><p>25-27.04.2025 Podstawy ornitologii terapeutycznej (cz\u0119\u015b\u0107 1), Dw\u00f3r Dobarz nad Biebrz\u0105 z dr hab. S\u0142awomirem Murawcem, Adamem Zbyrytem oraz Katarzyn\u0105 Simonienko<\/p>\t\t\t\t\t\t<\/div>\n\t\t\t\t<\/div>\n\t\t\t\t\t<\/div>\n\t\t<\/div>\n\t\t\t\t\t\t\t<\/div>\n\t\t<\/section>\n\t\t\t\t<section class=\"elementor-section elementor-top-section elementor-element elementor-element-8764cbf elementor-section-boxed elementor-section-height-default elementor-section-height-default\" data-id=\"8764cbf\" data-element_type=\"section\">\n\t\t\t\t\t\t<div class=\"elementor-container elementor-column-gap-default\">\n\t\t\t\t\t<div class=\"elementor-column elementor-col-100 elementor-top-column elementor-element elementor-element-c979ac6\" data-id=\"c979ac6\" data-element_type=\"column\">\n\t\t\t<div class=\"elementor-widget-wrap elementor-element-populated\">\n\t\t\t\t\t\t\t\t<div class=\"elementor-element elementor-element-45afab7 elementor-widget elementor-widget-text-editor\" data-id=\"45afab7\" data-element_type=\"widget\" data-widget_type=\"text-editor.default\">\n\t\t\t\t<div class=\"elementor-widget-container\">\n\t\t\t\t\t\t\t<h4>Maj:<\/h4>\t\t\t\t\t\t<\/div>\n\t\t\t\t<\/div>\n\t\t\t\t\t<\/div>\n\t\t<\/div>\n\t\t\t\t\t\t\t<\/div>\n\t\t<\/section>\n\t\t\t\t<section class=\"elementor-section elementor-top-section elementor-element elementor-element-2bd3ac0 elementor-section-boxed elementor-section-height-default elementor-section-height-default\" data-id=\"2bd3ac0\" data-element_type=\"section\">\n\t\t\t\t\t\t<div class=\"elementor-container elementor-column-gap-default\">\n\t\t\t\t\t<div class=\"elementor-column elementor-col-100 elementor-top-column elementor-element elementor-element-d6db9cd\" data-id=\"d6db9cd\" data-element_type=\"column\">\n\t\t\t<div class=\"elementor-widget-wrap elementor-element-populated\">\n\t\t\t\t\t\t\t\t<div class=\"elementor-element elementor-element-bdb2921 elementor-widget elementor-widget-text-editor\" data-id=\"bdb2921\" data-element_type=\"widget\" data-widget_type=\"text-editor.default\">\n\t\t\t\t<div class=\"elementor-widget-container\">\n\t\t\t\t\t\t\t<p>17-25.05.2025 <a href=\"https:\/\/www.ecotherapyinstitute.eu\/index.php\/pl\/lasoterapia-2025\/\">Pierwszy zjazd kursu certyfikuj\u0105cego &#8222;Lasoterapia&#8221;<\/a><\/p>\t\t\t\t\t\t<\/div>\n\t\t\t\t<\/div>\n\t\t\t\t\t<\/div>\n\t\t<\/div>\n\t\t\t\t\t\t\t<\/div>\n\t\t<\/section>\n\t\t\t\t<section class=\"elementor-section elementor-top-section elementor-element elementor-element-c6754b5 elementor-section-boxed elementor-section-height-default elementor-section-height-default\" data-id=\"c6754b5\" data-element_type=\"section\">\n\t\t\t\t\t\t<div class=\"elementor-container elementor-column-gap-default\">\n\t\t\t\t\t<div class=\"elementor-column elementor-col-100 elementor-top-column elementor-element elementor-element-462dafc\" data-id=\"462dafc\" data-element_type=\"column\">\n\t\t\t<div class=\"elementor-widget-wrap elementor-element-populated\">\n\t\t\t\t\t\t\t\t<div class=\"elementor-element elementor-element-e94b41e elementor-widget elementor-widget-text-editor\" data-id=\"e94b41e\" data-element_type=\"widget\" data-widget_type=\"text-editor.default\">\n\t\t\t\t<div class=\"elementor-widget-container\">\n\t\t\t\t\t\t\t<h4>Czerwiec:<\/h4>\t\t\t\t\t\t<\/div>\n\t\t\t\t<\/div>\n\t\t\t\t\t<\/div>\n\t\t<\/div>\n\t\t\t\t\t\t\t<\/div>\n\t\t<\/section>\n\t\t\t\t<section class=\"elementor-section elementor-top-section elementor-element elementor-element-39f5908 elementor-section-boxed elementor-section-height-default elementor-section-height-default\" data-id=\"39f5908\" data-element_type=\"section\">\n\t\t\t\t\t\t<div class=\"elementor-container elementor-column-gap-default\">\n\t\t\t\t\t<div class=\"elementor-column elementor-col-100 elementor-top-column elementor-element elementor-element-bfff64f\" data-id=\"bfff64f\" data-element_type=\"column\">\n\t\t\t<div class=\"elementor-widget-wrap elementor-element-populated\">\n\t\t\t\t\t\t\t\t<div class=\"elementor-element elementor-element-8945595 elementor-widget elementor-widget-text-editor\" data-id=\"8945595\" data-element_type=\"widget\" data-widget_type=\"text-editor.default\">\n\t\t\t\t<div class=\"elementor-widget-container\">\n\t\t\t\t\t\t\t<p>12-15.06.2025 <a href=\"https:\/\/www.ecotherapyinstitute.eu\/index.php\/pl\/lasoterapia-2025\/\">Drugi zjazd kursu certyfikuj\u0105cego &#8222;Lasoterapia&#8221;<\/a><\/p>\t\t\t\t\t\t<\/div>\n\t\t\t\t<\/div>\n\t\t\t\t\t<\/div>\n\t\t<\/div>\n\t\t\t\t\t\t\t<\/div>\n\t\t<\/section>\n\t\t\t\t<section class=\"elementor-section elementor-top-section elementor-element elementor-element-be2eb06 elementor-section-boxed elementor-section-height-default elementor-section-height-default\" data-id=\"be2eb06\" data-element_type=\"section\">\n\t\t\t\t\t\t<div class=\"elementor-container elementor-column-gap-default\">\n\t\t\t\t\t<div class=\"elementor-column elementor-col-100 elementor-top-column elementor-element elementor-element-37a8a35\" data-id=\"37a8a35\" data-element_type=\"column\">\n\t\t\t<div class=\"elementor-widget-wrap elementor-element-populated\">\n\t\t\t\t\t\t\t\t<div class=\"elementor-element elementor-element-26f9870 elementor-widget elementor-widget-text-editor\" data-id=\"26f9870\" data-element_type=\"widget\" data-widget_type=\"text-editor.default\">\n\t\t\t\t<div class=\"elementor-widget-container\">\n\t\t\t\t\t\t\t<h4>Lipiec:<\/h4>\t\t\t\t\t\t<\/div>\n\t\t\t\t<\/div>\n\t\t\t\t\t<\/div>\n\t\t<\/div>\n\t\t\t\t\t\t\t<\/div>\n\t\t<\/section>\n\t\t\t\t<section class=\"elementor-section elementor-top-section elementor-element elementor-element-2c276ce elementor-section-boxed elementor-section-height-default elementor-section-height-default\" data-id=\"2c276ce\" data-element_type=\"section\">\n\t\t\t\t\t\t<div class=\"elementor-container elementor-column-gap-default\">\n\t\t\t\t\t<div class=\"elementor-column elementor-col-100 elementor-top-column elementor-element elementor-element-8ec4e30\" data-id=\"8ec4e30\" data-element_type=\"column\">\n\t\t\t<div class=\"elementor-widget-wrap elementor-element-populated\">\n\t\t\t\t\t\t\t\t<div class=\"elementor-element elementor-element-ce3f0ab elementor-widget elementor-widget-text-editor\" data-id=\"ce3f0ab\" data-element_type=\"widget\" data-widget_type=\"text-editor.default\">\n\t\t\t\t<div class=\"elementor-widget-container\">\n\t\t\t\t\t\t\t<p>31.07 &#8211; 02.08.2025 <a href=\"https:\/\/www.ecotherapyinstitute.eu\/index.php\/pl\/ekologia-gleboka-i-ekopsychologia\/\">Retreat: ekologia g\u0142\u0119boka i ekopsychologia, Republika \u015aciborska z Adamem Markuszewskim oraz Agnieszk\u0105 Borut\u0105<\/a>\u00a0&#8211; zapraszamy do zapis\u00f3w!<\/p>\t\t\t\t\t\t<\/div>\n\t\t\t\t<\/div>\n\t\t\t\t\t<\/div>\n\t\t<\/div>\n\t\t\t\t\t\t\t<\/div>\n\t\t<\/section>\n\t\t\t\t<section class=\"elementor-section elementor-top-section elementor-element elementor-element-f6a6094 elementor-section-boxed elementor-section-height-default elementor-section-height-default\" data-id=\"f6a6094\" data-element_type=\"section\">\n\t\t\t\t\t\t<div class=\"elementor-container elementor-column-gap-default\">\n\t\t\t\t\t<div class=\"elementor-column elementor-col-100 elementor-top-column elementor-element elementor-element-8f97696\" data-id=\"8f97696\" data-element_type=\"column\">\n\t\t\t<div class=\"elementor-widget-wrap elementor-element-populated\">\n\t\t\t\t\t\t\t\t<div class=\"elementor-element elementor-element-35f25f3 elementor-widget elementor-widget-text-editor\" data-id=\"35f25f3\" data-element_type=\"widget\" data-widget_type=\"text-editor.default\">\n\t\t\t\t<div class=\"elementor-widget-container\">\n\t\t\t\t\t\t\t<h4>Wrzesie\u0144:<\/h4>\t\t\t\t\t\t<\/div>\n\t\t\t\t<\/div>\n\t\t\t\t\t<\/div>\n\t\t<\/div>\n\t\t\t\t\t\t\t<\/div>\n\t\t<\/section>\n\t\t\t\t<section class=\"elementor-section elementor-top-section elementor-element elementor-element-d5889eb elementor-section-boxed elementor-section-height-default elementor-section-height-default\" data-id=\"d5889eb\" data-element_type=\"section\">\n\t\t\t\t\t\t<div class=\"elementor-container elementor-column-gap-default\">\n\t\t\t\t\t<div class=\"elementor-column elementor-col-100 elementor-top-column elementor-element elementor-element-95d85fc\" data-id=\"95d85fc\" data-element_type=\"column\">\n\t\t\t<div class=\"elementor-widget-wrap elementor-element-populated\">\n\t\t\t\t\t\t\t\t<div class=\"elementor-element elementor-element-67d6824 elementor-widget elementor-widget-text-editor\" data-id=\"67d6824\" data-element_type=\"widget\" data-widget_type=\"text-editor.default\">\n\t\t\t\t<div class=\"elementor-widget-container\">\n\t\t\t\t\t\t\t<p>13-14.09. 2025 Bia\u0142owie\u017ca &#8211; Grzyby Medyczne i jako \u017cywno\u015b\u0107 funkcjonalna z dr n. farm Ew\u0105 Zapor\u0105, spec. myk. Markiem Wo\u0142kowyckim oraz dr Kamilem Simonienko ZAPISY WKR\u00d3TCE<\/p><p>Webinar: biochemia le\u015bnego powietrza &#8211; zapisy bli\u017cej terminu webinaru<\/p><p>\u00a0<\/p>\t\t\t\t\t\t<\/div>\n\t\t\t\t<\/div>\n\t\t\t\t\t<\/div>\n\t\t<\/div>\n\t\t\t\t\t\t\t<\/div>\n\t\t<\/section>\n\t\t\t\t<section class=\"elementor-section elementor-top-section elementor-element elementor-element-a1b961d elementor-section-boxed elementor-section-height-default elementor-section-height-default\" data-id=\"a1b961d\" data-element_type=\"section\">\n\t\t\t\t\t\t<div class=\"elementor-container elementor-column-gap-default\">\n\t\t\t\t\t<div class=\"elementor-column elementor-col-100 elementor-top-column elementor-element elementor-element-6f6a7d3\" data-id=\"6f6a7d3\" data-element_type=\"column\">\n\t\t\t<div class=\"elementor-widget-wrap elementor-element-populated\">\n\t\t\t\t\t\t\t\t<div class=\"elementor-element elementor-element-1f0d22a elementor-widget elementor-widget-text-editor\" data-id=\"1f0d22a\" data-element_type=\"widget\" data-widget_type=\"text-editor.default\">\n\t\t\t\t<div class=\"elementor-widget-container\">\n\t\t\t\t\t\t\t\t\t\t\t\t\t<\/div>\n\t\t\t\t<\/div>\n\t\t\t\t\t<\/div>\n\t\t<\/div>\n\t\t\t\t\t\t\t<\/div>\n\t\t<\/section>\n\t\t\t\t<section class=\"elementor-section elementor-top-section elementor-element elementor-element-ffe236f elementor-section-boxed elementor-section-height-default elementor-section-height-default\" data-id=\"ffe236f\" data-element_type=\"section\">\n\t\t\t\t\t\t<div class=\"elementor-container elementor-column-gap-default\">\n\t\t\t\t\t<div class=\"elementor-column elementor-col-100 elementor-top-column elementor-element elementor-element-601aced\" data-id=\"601aced\" data-element_type=\"column\">\n\t\t\t<div class=\"elementor-widget-wrap elementor-element-populated\">\n\t\t\t\t\t\t\t\t<div class=\"elementor-element elementor-element-a20b081 elementor-widget elementor-widget-text-editor\" data-id=\"a20b081\" data-element_type=\"widget\" data-widget_type=\"text-editor.default\">\n\t\t\t\t<div class=\"elementor-widget-container\">\n\t\t\t\t\t\t\t<h4>Pa\u017adziernik:<\/h4>\t\t\t\t\t\t<\/div>\n\t\t\t\t<\/div>\n\t\t\t\t\t<\/div>\n\t\t<\/div>\n\t\t\t\t\t\t\t<\/div>\n\t\t<\/section>\n\t\t\t\t<section class=\"elementor-section elementor-top-section elementor-element elementor-element-193c7d4 elementor-section-boxed elementor-section-height-default elementor-section-height-default\" data-id=\"193c7d4\" data-element_type=\"section\">\n\t\t\t\t\t\t<div class=\"elementor-container elementor-column-gap-default\">\n\t\t\t\t\t<div class=\"elementor-column elementor-col-100 elementor-top-column elementor-element elementor-element-01d5480\" data-id=\"01d5480\" data-element_type=\"column\">\n\t\t\t<div class=\"elementor-widget-wrap elementor-element-populated\">\n\t\t\t\t\t\t\t\t<div class=\"elementor-element elementor-element-4537ecd elementor-widget elementor-widget-text-editor\" data-id=\"4537ecd\" data-element_type=\"widget\" data-widget_type=\"text-editor.default\">\n\t\t\t\t<div class=\"elementor-widget-container\">\n\t\t\t\t\t\t\t<p>24-26<span lang=\"en\">.10.2025 <\/span><a href=\"https:\/\/www.ecotherapyinstitute.eu\/index.php\/pl\/podstawy-lasoterapii-dla-osob-pracujacych-z-dziecmi-i-mlodzieza-2025\/\">Podstawy lasoterapii dla os\u00f3b pracuj\u0105cych z dzie\u0107mi i m\u0142odzie\u017c\u0105: nauczycieli, edukator\u00f3w, rodzic\u00f3w <\/a>Marzena \u017bachowska i Katarzyna Grabka &#8211; zapraszamy do zapis\u00f3w!<\/p><p>24-26.10.2025 <a href=\"https:\/\/www.ecotherapyinstitute.eu\/index.php\/pl\/krag-kobiet-w-drodze-do-pelni-2025\/\">Kr\u0105g Kobiet w drodze do Pe\u0142ni: cztery jungowskie funkcje psychiczne &#8211; jungowskie warsztaty rozwojowe dla kobiet,<\/a> Katarzyna Simonienko. Zapraszamy do zapis\u00f3w!<\/p><p>Webinar: lasoterapia i nie\u015bwiadomo\u015b\u0107, wybrane mechanizmy wewn\u0105trzpsychiczne, archetypy i elementy psychologii jungowskiej a lasoterapia<\/p>\t\t\t\t\t\t<\/div>\n\t\t\t\t<\/div>\n\t\t\t\t\t<\/div>\n\t\t<\/div>\n\t\t\t\t\t\t\t<\/div>\n\t\t<\/section>\n\t\t\t\t<section class=\"elementor-section elementor-top-section elementor-element elementor-element-6b78a5d elementor-section-boxed elementor-section-height-default elementor-section-height-default\" data-id=\"6b78a5d\" data-element_type=\"section\">\n\t\t\t\t\t\t<div class=\"elementor-container elementor-column-gap-default\">\n\t\t\t\t\t<div class=\"elementor-column elementor-col-100 elementor-top-column elementor-element elementor-element-1305e63\" data-id=\"1305e63\" data-element_type=\"column\">\n\t\t\t<div class=\"elementor-widget-wrap elementor-element-populated\">\n\t\t\t\t\t\t\t\t<div class=\"elementor-element elementor-element-d4cb0df elementor-widget elementor-widget-text-editor\" data-id=\"d4cb0df\" data-element_type=\"widget\" data-widget_type=\"text-editor.default\">\n\t\t\t\t<div class=\"elementor-widget-container\">\n\t\t\t\t\t\t\t<h4>Listopad:<\/h4>\t\t\t\t\t\t<\/div>\n\t\t\t\t<\/div>\n\t\t\t\t\t<\/div>\n\t\t<\/div>\n\t\t\t\t\t\t\t<\/div>\n\t\t<\/section>\n\t\t\t\t<section class=\"elementor-section elementor-top-section elementor-element elementor-element-134217b elementor-section-boxed elementor-section-height-default elementor-section-height-default\" data-id=\"134217b\" data-element_type=\"section\">\n\t\t\t\t\t\t<div class=\"elementor-container elementor-column-gap-default\">\n\t\t\t\t\t<div class=\"elementor-column elementor-col-100 elementor-top-column elementor-element elementor-element-b926df0\" data-id=\"b926df0\" data-element_type=\"column\">\n\t\t\t<div class=\"elementor-widget-wrap elementor-element-populated\">\n\t\t\t\t\t\t\t\t<div class=\"elementor-element elementor-element-544c8a1 elementor-widget elementor-widget-text-editor\" data-id=\"544c8a1\" data-element_type=\"widget\" data-widget_type=\"text-editor.default\">\n\t\t\t\t<div class=\"elementor-widget-container\">\n\t\t\t\t\t\t\t<p>06-09.11.2025 <a href=\"https:\/\/www.ecotherapyinstitute.eu\/index.php\/pl\/lasoterapia-2025\/\">Trzeci zjazd kursu certyfikuj\u0105cego &#8222;Lasoterapia&#8221;<\/a><\/p>\t\t\t\t\t\t<\/div>\n\t\t\t\t<\/div>\n\t\t\t\t\t<\/div>\n\t\t<\/div>\n\t\t\t\t\t\t\t<\/div>\n\t\t<\/section>\n\t\t\t\t\t\t\t<\/div>\n\t\t","protected":false},"excerpt":{"rendered":"<p>Marzec: 05.03.2025 Webinar z cyklu &#8222;Lasoterapia dooko\u0142a \u015bwiata&#8221;- Japonia, cz\u0119\u015b\u0107 I : Nippon University, wie\u015bci z kongresu INFOMu, shinrin-yoku u dr Qing Li 12.03.2025 Webinar z cyklu &#8222;Lasoterapia dooko\u0142a \u015bwiata&#8221; &#8211; Japonia, cz\u0119\u015b\u0107 II: Sekrety lasoterapii z \u4fe1\u6fc3\u753a, Shinano-machi. O czym Zach\u00f3d jeszcze nie wie 19.03.2025 Webinar z cyklu &#8222;Lasoterapia dooko\u0142a \u015bwiata &#8211; Japonia, cz\u0119\u015b\u0107 &hellip; <\/p>\n","protected":false},"author":1,"featured_media":0,"parent":0,"menu_order":0,"comment_status":"closed","ping_status":"closed","template":"","meta":{"footnotes":""},"class_list":["post-2455","page","type-page","status-publish","hentry"],"_links":{"self":[{"href":"https:\/\/www.ecotherapyinstitute.eu\/index.php\/wp-json\/wp\/v2\/pages\/2455","targetHints":{"allow":["GET"]}}],"collection":[{"href":"https:\/\/www.ecotherapyinstitute.eu\/index.php\/wp-json\/wp\/v2\/pages"}],"about":[{"href":"https:\/\/www.ecotherapyinstitute.eu\/index.php\/wp-json\/wp\/v2\/types\/page"}],"author":[{"embeddable":true,"href":"https:\/\/www.ecotherapyinstitute.eu\/index.php\/wp-json\/wp\/v2\/users\/1"}],"replies":[{"embeddable":true,"href":"https:\/\/www.ecotherapyinstitute.eu\/index.php\/wp-json\/wp\/v2\/comments?post=2455"}],"version-history":[{"count":62,"href":"https:\/\/www.ecotherapyinstitute.eu\/index.php\/wp-json\/wp\/v2\/pages\/2455\/revisions"}],"predecessor-version":[{"id":3042,"href":"https:\/\/www.ecotherapyinstitute.eu\/index.php\/wp-json\/wp\/v2\/pages\/2455\/revisions\/3042"}],"wp:attachment":[{"href":"https:\/\/www.ecotherapyinstitute.eu\/index.php\/wp-json\/wp\/v2\/media?parent=2455"}],"curies":[{"name":"wp","href":"https:\/\/api.w.org\/{rel}","templated":true}]}}