{"id":1603,"date":"2024-02-24T13:16:45","date_gmt":"2024-02-24T13:16:45","guid":{"rendered":"https:\/\/www.ecotherapyinstitute.eu\/?page_id=1603"},"modified":"2024-04-23T18:40:13","modified_gmt":"2024-04-23T18:40:13","slug":"podstawy-lasoterapii-dla-nauczycieli-edukatorow-2024","status":"publish","type":"page","link":"https:\/\/www.ecotherapyinstitute.eu\/index.php\/en\/podstawy-lasoterapii-dla-nauczycieli-edukatorow-2024\/","title":{"rendered":"Podstawy lasoterapii dla nauczycieli, edukator\u00f3w 2024"},"content":{"rendered":"\t\t<div data-elementor-type=\"wp-page\" data-elementor-id=\"1603\" class=\"elementor elementor-1603\">\n\t\t\t\t\t\t\t\t\t<section class=\"elementor-section elementor-top-section elementor-element elementor-element-314fb57 elementor-section-boxed elementor-section-height-default elementor-section-height-default\" data-id=\"314fb57\" data-element_type=\"section\">\n\t\t\t\t\t\t<div class=\"elementor-container elementor-column-gap-default\">\n\t\t\t\t\t<div class=\"elementor-column elementor-col-100 elementor-top-column elementor-element elementor-element-5e22ba0\" data-id=\"5e22ba0\" data-element_type=\"column\">\n\t\t\t<div class=\"elementor-widget-wrap elementor-element-populated\">\n\t\t\t\t\t\t\t\t<div class=\"elementor-element elementor-element-2e191c3 elementor-widget elementor-widget-image\" data-id=\"2e191c3\" data-element_type=\"widget\" data-widget_type=\"image.default\">\n\t\t\t\t<div class=\"elementor-widget-container\">\n\t\t\t<style>\/*! elementor - v3.18.0 - 20-12-2023 *\/\n.elementor-widget-image{text-align:center}.elementor-widget-image a{display:inline-block}.elementor-widget-image a img[src$=\".svg\"]{width:48px}.elementor-widget-image img{vertical-align:middle;display:inline-block}<\/style>\t\t\t\t\t\t\t\t\t\t\t\t<img fetchpriority=\"high\" decoding=\"async\" width=\"775\" height=\"292\" src=\"https:\/\/www.ecotherapyinstitute.eu\/wp-content\/uploads\/2024\/02\/Biale-Japonskie-Papier-Kwiatowe-Rustykalne-Slub-Pomysly-Facebook-Slub-Wydarzenie-Zdjecie-w-Tle.png\" class=\"attachment-large size-large wp-image-1618\" alt=\"\" srcset=\"https:\/\/www.ecotherapyinstitute.eu\/wp-content\/uploads\/2024\/02\/Biale-Japonskie-Papier-Kwiatowe-Rustykalne-Slub-Pomysly-Facebook-Slub-Wydarzenie-Zdjecie-w-Tle.png 784w, https:\/\/www.ecotherapyinstitute.eu\/wp-content\/uploads\/2024\/02\/Biale-Japonskie-Papier-Kwiatowe-Rustykalne-Slub-Pomysly-Facebook-Slub-Wydarzenie-Zdjecie-w-Tle-300x113.png 300w, https:\/\/www.ecotherapyinstitute.eu\/wp-content\/uploads\/2024\/02\/Biale-Japonskie-Papier-Kwiatowe-Rustykalne-Slub-Pomysly-Facebook-Slub-Wydarzenie-Zdjecie-w-Tle-768x289.png 768w, https:\/\/www.ecotherapyinstitute.eu\/wp-content\/uploads\/2024\/02\/Biale-Japonskie-Papier-Kwiatowe-Rustykalne-Slub-Pomysly-Facebook-Slub-Wydarzenie-Zdjecie-w-Tle-18x7.png 18w\" sizes=\"(max-width: 775px) 100vw, 775px\" \/>\t\t\t\t\t\t\t\t\t\t\t\t\t\t\t<\/div>\n\t\t\t\t<\/div>\n\t\t\t\t\t<\/div>\n\t\t<\/div>\n\t\t\t\t\t\t\t<\/div>\n\t\t<\/section>\n\t\t\t\t<section class=\"elementor-section elementor-top-section elementor-element elementor-element-a59b523 elementor-section-boxed elementor-section-height-default elementor-section-height-default\" data-id=\"a59b523\" data-element_type=\"section\">\n\t\t\t\t\t\t<div class=\"elementor-container elementor-column-gap-default\">\n\t\t\t\t\t<div class=\"elementor-column elementor-col-100 elementor-top-column elementor-element elementor-element-5752940\" data-id=\"5752940\" data-element_type=\"column\">\n\t\t\t<div class=\"elementor-widget-wrap elementor-element-populated\">\n\t\t\t\t\t\t\t\t<div class=\"elementor-element elementor-element-9b955ff elementor-widget elementor-widget-text-editor\" data-id=\"9b955ff\" data-element_type=\"widget\" data-widget_type=\"text-editor.default\">\n\t\t\t\t<div class=\"elementor-widget-container\">\n\t\t\t<style>\/*! elementor - v3.18.0 - 20-12-2023 *\/\n.elementor-widget-text-editor.elementor-drop-cap-view-stacked .elementor-drop-cap{background-color:#69727d;color:#fff}.elementor-widget-text-editor.elementor-drop-cap-view-framed .elementor-drop-cap{color:#69727d;border:3px solid;background-color:transparent}.elementor-widget-text-editor:not(.elementor-drop-cap-view-default) .elementor-drop-cap{margin-top:8px}.elementor-widget-text-editor:not(.elementor-drop-cap-view-default) .elementor-drop-cap-letter{width:1em;height:1em}.elementor-widget-text-editor .elementor-drop-cap{float:left;text-align:center;line-height:1;font-size:50px}.elementor-widget-text-editor .elementor-drop-cap-letter{display:inline-block}<\/style>\t\t\t\t<h4><i>\u201cDzieci potrzebuj\u0105 przyrody do prawid\u0142owego rozwoju nie tylko fizycznego i <\/i><i>psychicznego, ale tak\u017ce do prawid\u0142owego rozwoju zmys\u0142\u00f3w, do aktywno\u015bci <\/i><i>tw\u00f3rczej i uczenia si\u0119\u201d<\/i><\/h4><h6><i>Richard Louv, 2014<\/i><\/h6>\t\t\t\t\t\t<\/div>\n\t\t\t\t<\/div>\n\t\t\t\t\t<\/div>\n\t\t<\/div>\n\t\t\t\t\t\t\t<\/div>\n\t\t<\/section>\n\t\t\t\t<section class=\"elementor-section elementor-top-section elementor-element elementor-element-c0590d7 elementor-section-boxed elementor-section-height-default elementor-section-height-default\" data-id=\"c0590d7\" data-element_type=\"section\">\n\t\t\t\t\t\t<div class=\"elementor-container elementor-column-gap-default\">\n\t\t\t\t\t<div class=\"elementor-column elementor-col-100 elementor-top-column elementor-element elementor-element-0da0883\" data-id=\"0da0883\" data-element_type=\"column\">\n\t\t\t<div class=\"elementor-widget-wrap\">\n\t\t\t\t\t\t\t\t\t<\/div>\n\t\t<\/div>\n\t\t\t\t\t\t\t<\/div>\n\t\t<\/section>\n\t\t\t\t<section class=\"elementor-section elementor-top-section elementor-element elementor-element-60544eb elementor-section-boxed elementor-section-height-default elementor-section-height-default\" data-id=\"60544eb\" data-element_type=\"section\">\n\t\t\t\t\t\t<div class=\"elementor-container elementor-column-gap-default\">\n\t\t\t\t\t<div class=\"elementor-column elementor-col-100 elementor-top-column elementor-element elementor-element-fd39aa6\" data-id=\"fd39aa6\" data-element_type=\"column\">\n\t\t\t<div class=\"elementor-widget-wrap elementor-element-populated\">\n\t\t\t\t\t\t\t\t<div class=\"elementor-element elementor-element-b7433ec elementor-widget elementor-widget-text-editor\" data-id=\"b7433ec\" data-element_type=\"widget\" data-widget_type=\"text-editor.default\">\n\t\t\t\t<div class=\"elementor-widget-container\">\n\t\t\t\t\t\t\t<p><b><i>LASOTERAPIA W EDUKACJI,\u00a0 WYCHOWANIU I PROFILAKTYCE\u00a0<\/i><\/b><\/p><p><b>Podstawy lasoterapii dla nauczycieli, edukator\u00f3w \u2013 dla dzieci i m\u0142odzie\u017cy, dla siebie<\/b><\/p><p>Zapraszamy na weekendowe warsztaty terapii le\u015bnej i k\u0105pieli le\u015bnych skierowane do nauczycieli i edukator\u00f3w pracuj\u0105cych z dzie\u0107mi i m\u0142odzie\u017c\u0105.\u00a0<\/p><p>Warsztaty maj\u0105 na celu zapozna\u0107 Pa\u0144stwa z teori\u0105 oraz da\u0107 podstawowe narz\u0119dzia praktyczne do prowadzenia k\u0105pieli le\u015bnych w ramach podejmowanej pracy w \u015brodowisku szkolnym i przedszkolnym oraz dbania o w\u0142asny dobrostan, przeciwdzia\u0142aj\u0105c wypaleniu zawodowemu, nadmiernemu zm\u0119czeniu oraz pomagaj\u0105c w redukcji stresu.<\/p><p><b>Podczas zaj\u0119\u0107 dowiecie si\u0119 Pa\u0144stwo:<\/b><\/p><ul><li aria-level=\"1\">czym jest lasoterapia, k\u0105piele le\u015bne\u00a0<\/li><li aria-level=\"1\">jakich zasad warto przestrzega\u0107 podczas prowadzenia k\u0105pieli le\u015bnych<\/li><li aria-level=\"1\">jak \u015brodowiska wysoko zurbanizowane oraz przyrodnicze wp\u0142ywaj\u0105 na prac\u0119 o\u015brodkowego uk\u0142adu nerwowego, immunologi\u0119, uk\u0142ad kr\u0105\u017cenia i inne aspekty zdrowia \u2013 zapoznamy Was z najciekawszymi wynikami bada\u0144 naukowych<\/li><li aria-level=\"1\">dlaczego warto wprowadza\u0107 lasoterapi\u0119 do dzia\u0142alno\u015bci edukacyjnej, wychowawczej, profilaktycznej i rewalidacyjnej przedszkoli i szk\u00f3\u0142<\/li><li aria-level=\"1\">jak w\u0142\u0105czy\u0107 lasoterapi\u0119 w proces awansu zawodowego nauczyciela &#8211;\u00a0 praca metod\u0105 projektu, innowacje w edukacji<\/li><li aria-level=\"1\">o miejscu lasoterapii w podstawie programowej<\/li><li aria-level=\"1\">jak stosowa\u0107 k\u0105piele le\u015bne i gdzie (plac\u00f3wki o\u015bwiatowe, parki, lasy, miasto, dom)<\/li><li aria-level=\"1\">jak poprowadzi\u0107 warsztaty le\u015bnej uwa\u017cno\u015bci dla dzieci z uwzgl\u0119dnieniem idei edukacji w\u0142\u0105czaj\u0105cej<\/li><li aria-level=\"1\">dlaczego zaj\u0119cia z zakresu pomocy psychologiczno \u2013 pedagogicznej, rewalidacji, rehabilitacji zaburzonych funkcji, deficyt\u00f3w w sferze poznawczej, emocjonalnej, spo\u0142ecznej i motorycznej u dzieci, m\u0142odzie\u017cy przebiega w \u015brodowisku naturalnym efektywniej\u00a0<\/li><li aria-level=\"1\">czym s\u0105 zielone recepty i jak je w\u0142\u0105czy\u0107 do praktyki zawodowej nauczyciela, psychologa, pedagoga tak, \u017ceby wspom\u00f3c realizacj\u0119 zada\u0144 programu profilaktyczno &#8211; wychowawczego przedszkola, szko\u0142y w zakresie wspierania zdrowia psychicznego dzieci, m\u0142odzie\u017cy i ich rodzin\u00a0\u00a0<\/li><li aria-level=\"1\">jak zaprojektowa\u0107 przestrze\u0144 klasy, gabinetu terapeutycznego, by by\u0142o bardziej biofilnie, przyja\u017anie dla dzieci i dla doros\u0142ych<\/li><li aria-level=\"1\">na czym polega profilaktyka w zakresie dba\u0142o\u015bci o zdrowie psychiczne u dzieci \u2013 nuda sensoryczna, zesp\u00f3\u0142 deficytu natury<\/li><li aria-level=\"1\">jak zadba\u0107 o w\u0142asny dobrostan w partnerstwie z natur\u0105, by unikn\u0105\u0107 wypalenia zawodowego i szybciej regenerowa\u0107 si\u0119 po stresie<\/li><\/ul><p><b>Poznacie Pa\u0144stwo w praktyce:<\/b><\/p><ul><li aria-level=\"1\">podstawowy schemat k\u0105pieli le\u015bnej IER do zastosowania z grup\u0105<\/li><li aria-level=\"1\">model wschodni i zachodni k\u0105pieli le\u015bnych<\/li><li aria-level=\"1\">metody, techniki, narz\u0119dzia do wykorzystania podczas prowadzonych samodzielnie zaj\u0119\u0107 le\u015bnej uwa\u017cno\u015bci, lasoterapii\u00a0<\/li><li aria-level=\"1\">podstawowe techniki relaksacyjne, oddechowe oraz pracy z cia\u0142em w warunkach terenowych i zamkni\u0119tych z wykorzystaniem element\u00f3w przyrodniczych<\/li><li aria-level=\"1\">jak zaanga\u017cowa\u0107 prac\u0119 z kreatywno\u015bci\u0105 w le\u015bne aktywno\u015bci, zmys\u0142y, wyobra\u017ani\u0119, kiedy postawi\u0107 na minimalizm, kiedy na zabaw\u0119, a mo\u017ce jednak na kontemplacj\u0119?<\/li><li aria-level=\"1\">przyk\u0142ady dobrych praktyk: projekty, programy z zakresu edukacji przyrodniczej, przyrodniczo \u2013 le\u015bnej, ekologicznej do wykorzystania we w\u0142asnej dzia\u0142alno\u015bci przedszkolnej, szkolnej<\/li><li aria-level=\"1\">techniki oparte na lasoterapii do zastosowania w warunkach budynku np. dla dzieci, uczni\u00f3w unieruchomionych\/ lub w izolacji (nauczanie indywidualne)<\/li><\/ul><p><b>Warsztaty poprowadz\u0105:<\/b><\/p><p><a href=\"https:\/\/www.ecotherapyinstitute.eu\/index.php\/zespol\/\"> <b>Katarzyna Grabka<\/b><\/a> \u2013 przewodniczka k\u0105pieli le\u015bnych, edukatorka przyrodnicza, przewodniczka le\u015bna<\/p><p><a href=\"https:\/\/www.ecotherapyinstitute.eu\/index.php\/zespol\/\"><b>Marzena \u017bachowska<\/b><\/a> \u2013 przewodniczka k\u0105pieli le\u015bnych, nauczycielka przyrody i biologii (ekspertka do spraw awansu zawodowego nauczycieli, wpis na list\u0119 Ministra Edukacji i Nauki), socjoterapeutka, kynoterapeutka, terapeutka TSR.<\/p><p><b>Nadz\u00f3r merytoryczny:<\/b> dr n. med Katarzyna Simonienko.<\/p><p><b>Miejsce: <\/b>Dw\u00f3r Klemb\u00f3w Trakt dworski 32, 05-205 Klemb\u00f3w<\/p><p><b>Czas:<\/b> 19.04.2024 (od godziny 11:00), pi\u0105tek \u2013 21.04.2024 (do godziny 16:00), niedziela.<\/p><p><b>Cena:<\/b> 2000 z\u0142. obejmuj\u0105ca wy\u017cywienie wegetaria\u0144skie, noclegi w pokojach 2-osobowych (ze wsp\u00f3\u0142lokatorami\/ wsp\u00f3\u0142lokatorkami). Warsztaty rozpoczynaj\u0105 si\u0119 w pi\u0105tek przed po\u0142udniem, pierwszym przewidzianym posi\u0142kiem jest obiad, a ko\u0144cz\u0105 w niedziel\u0119 po po\u0142udniu &#8211; ostatnim przewidzianym posi\u0142kiem r\u00f3wnie\u017c jest obiad.<\/p><p><b>Zapisy:<\/b> przez formularz dost\u0119pny na stronie internetowej:<\/p><p>Obowi\u0105zuje kolejno\u015b\u0107 zg\u0142osze\u0144 rozumiana przez wp\u0142acenie bezzwrotnego zadatku w wysoko\u015bci 500 z\u0142 celem rezerwacji miejsca. Mo\u017cliwa lista rezerwowa.<\/p><p>Zastrzegamy mo\u017cliwo\u015b\u0107 odwo\u0142ania wydarzenia, je\u015bli nie zbierze si\u0119 grupa.<\/p><p><b>Na zako\u0144czenie zaj\u0119\u0107 otrzymacie Pa\u0144stwo za\u015bwiadczenie o odbytym szkoleniu.<\/b><\/p><p><i>\u201eNaturalne przestrzenie i materia\u0142y stymuluj\u0105 nieograniczon\u0105 wyobra\u017ani\u0119 <\/i><i>dziecka i wspomagaj\u0105 jego pomys\u0142owo\u015b\u0107 i inwencj\u0119 tw\u00f3rcz\u0105, co mo\u017cna <\/i><i>zaobserwowa\u0107 w niemal ka\u017cdej grupie dzieci bawi\u0105cych si\u0119 w otoczeniu <\/i><i>przyrody\u201d<\/i><\/p><p><i>(R. Louv, 2014)<\/i><\/p><p><i>\u201eKontakt z przyrod\u0105 pomaga dzieciom zrozumie\u0107 zasady naturalnych system\u00f3w <\/i><i>poprzez bezpo\u015brednie ich do\u015bwiadczenie. Mog\u0105 pozna\u0107 takie podstawowe <\/i><i>zjawiska, jak sieci zale\u017cno\u015bci, obiegi materii i energii oraz procesy ewolucyjne. <\/i><i>Ucz\u0105 si\u0119, \u017ce przyroda opiera si\u0119 na jedynym w swoim rodzaju procesie <\/i><i>regeneracji\u201d<\/i><\/p><p><i>(R. Louv, 2014)<\/i><\/p>\t\t\t\t\t\t<\/div>\n\t\t\t\t<\/div>\n\t\t\t\t\t<\/div>\n\t\t<\/div>\n\t\t\t\t\t\t\t<\/div>\n\t\t<\/section>\n\t\t\t\t<section class=\"elementor-section elementor-top-section elementor-element elementor-element-8fa1f34 elementor-section-boxed elementor-section-height-default elementor-section-height-default\" data-id=\"8fa1f34\" data-element_type=\"section\">\n\t\t\t\t\t\t<div class=\"elementor-container elementor-column-gap-default\">\n\t\t\t\t\t<div class=\"elementor-column elementor-col-100 elementor-top-column elementor-element elementor-element-5f7fa0c\" data-id=\"5f7fa0c\" data-element_type=\"column\">\n\t\t\t<div class=\"elementor-widget-wrap elementor-element-populated\">\n\t\t\t\t\t\t\t\t<div class=\"elementor-element elementor-element-d18feff elementor-widget elementor-widget-image\" data-id=\"d18feff\" data-element_type=\"widget\" data-widget_type=\"image.default\">\n\t\t\t\t<div class=\"elementor-widget-container\">\n\t\t\t\t\t\t\t\t\t\t\t\t\t\t\t<img decoding=\"async\" width=\"775\" height=\"310\" src=\"https:\/\/www.ecotherapyinstitute.eu\/wp-content\/uploads\/2024\/02\/Element-as-BG6-1024x410.png\" class=\"attachment-large size-large wp-image-1605\" alt=\"\" srcset=\"https:\/\/www.ecotherapyinstitute.eu\/wp-content\/uploads\/2024\/02\/Element-as-BG6-1024x410.png 1024w, https:\/\/www.ecotherapyinstitute.eu\/wp-content\/uploads\/2024\/02\/Element-as-BG6-300x120.png 300w, https:\/\/www.ecotherapyinstitute.eu\/wp-content\/uploads\/2024\/02\/Element-as-BG6-768x307.png 768w, https:\/\/www.ecotherapyinstitute.eu\/wp-content\/uploads\/2024\/02\/Element-as-BG6-18x7.png 18w, https:\/\/www.ecotherapyinstitute.eu\/wp-content\/uploads\/2024\/02\/Element-as-BG6.png 1200w\" sizes=\"(max-width: 775px) 100vw, 775px\" \/>\t\t\t\t\t\t\t\t\t\t\t\t\t\t\t<\/div>\n\t\t\t\t<\/div>\n\t\t\t\t\t<\/div>\n\t\t<\/div>\n\t\t\t\t\t\t\t<\/div>\n\t\t<\/section>\n\t\t\t\t<section class=\"elementor-section elementor-top-section elementor-element elementor-element-971b802 elementor-section-boxed elementor-section-height-default elementor-section-height-default\" data-id=\"971b802\" data-element_type=\"section\">\n\t\t\t\t\t\t<div class=\"elementor-container elementor-column-gap-default\">\n\t\t\t\t\t<div class=\"elementor-column elementor-col-100 elementor-top-column elementor-element elementor-element-b8664dc\" data-id=\"b8664dc\" data-element_type=\"column\">\n\t\t\t<div class=\"elementor-widget-wrap elementor-element-populated\">\n\t\t\t\t\t\t\t\t<div class=\"elementor-element elementor-element-e5ee12e elementor-widget elementor-widget-text-editor\" data-id=\"e5ee12e\" data-element_type=\"widget\" data-widget_type=\"text-editor.default\">\n\t\t\t\t<div class=\"elementor-widget-container\">\n\t\t\t\t\t\t\t<p><a href=\"https:\/\/www.ecotherapyinstitute.eu\/index.php\/pl\/2024\/04\/23\/warsztaty-lasoterapii-dla-nauczycieli-edukatorow-2024\/\">Kliknij, aby zobaczy\u0107 relacj\u0119 z warsztat\u00f3w!<\/a> <\/p>\t\t\t\t\t\t<\/div>\n\t\t\t\t<\/div>\n\t\t\t\t\t<\/div>\n\t\t<\/div>\n\t\t\t\t\t\t\t<\/div>\n\t\t<\/section>\n\t\t\t\t<section class=\"elementor-section elementor-top-section elementor-element elementor-element-ce4d2db elementor-section-boxed elementor-section-height-default elementor-section-height-default\" data-id=\"ce4d2db\" data-element_type=\"section\">\n\t\t\t\t\t\t<div class=\"elementor-container elementor-column-gap-default\">\n\t\t\t\t\t<div class=\"elementor-column elementor-col-100 elementor-top-column elementor-element elementor-element-a0a2942\" data-id=\"a0a2942\" data-element_type=\"column\">\n\t\t\t<div class=\"elementor-widget-wrap elementor-element-populated\">\n\t\t\t\t\t\t\t\t<div class=\"elementor-element elementor-element-c726fbb elementor-widget elementor-widget-image\" data-id=\"c726fbb\" data-element_type=\"widget\" data-widget_type=\"image.default\">\n\t\t\t\t<div class=\"elementor-widget-container\">\n\t\t\t\t\t\t\t\t\t\t\t\t\t\t\t\t<a href=\"https:\/\/www.ecotherapyinstitute.eu\/index.php\/pl\/2024\/04\/23\/warsztaty-lasoterapii-dla-nauczycieli-edukatorow-2024\/\">\n\t\t\t\t\t\t\t<img decoding=\"async\" width=\"775\" height=\"436\" src=\"https:\/\/www.ecotherapyinstitute.eu\/wp-content\/uploads\/2024\/04\/23-1024x576.jpg\" class=\"attachment-large size-large wp-image-1750\" alt=\"\" srcset=\"https:\/\/www.ecotherapyinstitute.eu\/wp-content\/uploads\/2024\/04\/23-1024x576.jpg 1024w, https:\/\/www.ecotherapyinstitute.eu\/wp-content\/uploads\/2024\/04\/23-300x169.jpg 300w, https:\/\/www.ecotherapyinstitute.eu\/wp-content\/uploads\/2024\/04\/23-768x432.jpg 768w, https:\/\/www.ecotherapyinstitute.eu\/wp-content\/uploads\/2024\/04\/23-1536x864.jpg 1536w, https:\/\/www.ecotherapyinstitute.eu\/wp-content\/uploads\/2024\/04\/23-360x203.jpg 360w, https:\/\/www.ecotherapyinstitute.eu\/wp-content\/uploads\/2024\/04\/23-1140x641.jpg 1140w, https:\/\/www.ecotherapyinstitute.eu\/wp-content\/uploads\/2024\/04\/23-755x424.jpg 755w, https:\/\/www.ecotherapyinstitute.eu\/wp-content\/uploads\/2024\/04\/23-345x195.jpg 345w, https:\/\/www.ecotherapyinstitute.eu\/wp-content\/uploads\/2024\/04\/23.jpg 1600w\" sizes=\"(max-width: 775px) 100vw, 775px\" \/>\t\t\t\t\t\t\t\t<\/a>\n\t\t\t\t\t\t\t\t\t\t\t\t\t\t\t<\/div>\n\t\t\t\t<\/div>\n\t\t\t\t\t<\/div>\n\t\t<\/div>\n\t\t\t\t\t\t\t<\/div>\n\t\t<\/section>\n\t\t\t\t\t\t\t<\/div>\n\t\t","protected":false},"excerpt":{"rendered":"<p>\u201cDzieci potrzebuj\u0105 przyrody do prawid\u0142owego rozwoju nie tylko fizycznego i psychicznego, ale tak\u017ce do prawid\u0142owego rozwoju zmys\u0142\u00f3w, do aktywno\u015bci tw\u00f3rczej i uczenia si\u0119\u201d Richard Louv, 2014 LASOTERAPIA W EDUKACJI,\u00a0 WYCHOWANIU I PROFILAKTYCE\u00a0 Podstawy lasoterapii dla nauczycieli, edukator\u00f3w \u2013 dla dzieci i m\u0142odzie\u017cy, dla siebie Zapraszamy na weekendowe warsztaty terapii le\u015bnej i k\u0105pieli le\u015bnych skierowane do &hellip; <\/p>\n","protected":false},"author":1,"featured_media":0,"parent":0,"menu_order":0,"comment_status":"closed","ping_status":"closed","template":"","meta":{"footnotes":""},"class_list":["post-1603","page","type-page","status-publish","hentry"],"_links":{"self":[{"href":"https:\/\/www.ecotherapyinstitute.eu\/index.php\/wp-json\/wp\/v2\/pages\/1603","targetHints":{"allow":["GET"]}}],"collection":[{"href":"https:\/\/www.ecotherapyinstitute.eu\/index.php\/wp-json\/wp\/v2\/pages"}],"about":[{"href":"https:\/\/www.ecotherapyinstitute.eu\/index.php\/wp-json\/wp\/v2\/types\/page"}],"author":[{"embeddable":true,"href":"https:\/\/www.ecotherapyinstitute.eu\/index.php\/wp-json\/wp\/v2\/users\/1"}],"replies":[{"embeddable":true,"href":"https:\/\/www.ecotherapyinstitute.eu\/index.php\/wp-json\/wp\/v2\/comments?post=1603"}],"version-history":[{"count":25,"href":"https:\/\/www.ecotherapyinstitute.eu\/index.php\/wp-json\/wp\/v2\/pages\/1603\/revisions"}],"predecessor-version":[{"id":1774,"href":"https:\/\/www.ecotherapyinstitute.eu\/index.php\/wp-json\/wp\/v2\/pages\/1603\/revisions\/1774"}],"wp:attachment":[{"href":"https:\/\/www.ecotherapyinstitute.eu\/index.php\/wp-json\/wp\/v2\/media?parent=1603"}],"curies":[{"name":"wp","href":"https:\/\/api.w.org\/{rel}","templated":true}]}}