{"id":1101,"date":"2024-01-27T15:25:30","date_gmt":"2024-01-27T15:25:30","guid":{"rendered":"https:\/\/www.ecotherapyinstitute.eu\/?page_id=1101"},"modified":"2024-01-27T15:35:25","modified_gmt":"2024-01-27T15:35:25","slug":"polityka-prywatnosci","status":"publish","type":"page","link":"https:\/\/www.ecotherapyinstitute.eu\/index.php\/polityka-prywatnosci\/","title":{"rendered":"Polityka Prywatno\u015bci"},"content":{"rendered":"\t\t<div data-elementor-type=\"wp-page\" data-elementor-id=\"1101\" class=\"elementor elementor-1101\">\n\t\t\t\t\t\t\t\t\t<section class=\"elementor-section elementor-top-section elementor-element elementor-element-af48362 elementor-section-boxed elementor-section-height-default elementor-section-height-default\" data-id=\"af48362\" data-element_type=\"section\">\n\t\t\t\t\t\t<div class=\"elementor-container elementor-column-gap-default\">\n\t\t\t\t\t<div class=\"elementor-column elementor-col-100 elementor-top-column elementor-element elementor-element-f09f23e\" data-id=\"f09f23e\" data-element_type=\"column\">\n\t\t\t<div class=\"elementor-widget-wrap elementor-element-populated\">\n\t\t\t\t\t\t\t\t<div class=\"elementor-element elementor-element-0d90ded elementor-widget elementor-widget-text-editor\" data-id=\"0d90ded\" data-element_type=\"widget\" data-widget_type=\"text-editor.default\">\n\t\t\t\t<div class=\"elementor-widget-container\">\n\t\t\t<style>\/*! elementor - v3.18.0 - 20-12-2023 *\/\n.elementor-widget-text-editor.elementor-drop-cap-view-stacked .elementor-drop-cap{background-color:#69727d;color:#fff}.elementor-widget-text-editor.elementor-drop-cap-view-framed .elementor-drop-cap{color:#69727d;border:3px solid;background-color:transparent}.elementor-widget-text-editor:not(.elementor-drop-cap-view-default) .elementor-drop-cap{margin-top:8px}.elementor-widget-text-editor:not(.elementor-drop-cap-view-default) .elementor-drop-cap-letter{width:1em;height:1em}.elementor-widget-text-editor .elementor-drop-cap{float:left;text-align:center;line-height:1;font-size:50px}.elementor-widget-text-editor .elementor-drop-cap-letter{display:inline-block}<\/style>\t\t\t\t<h4>Polityka Prywatno\u015bci Instytutu Ekoterapii Relacyjnej<u><\/u><strong><u><br \/><\/u><\/strong><\/h4><p>\u00a0<\/p><p><strong>\u00a7 1. Definicje <br \/><\/strong><\/p><p><strong>\u00a7 2. Informacje og\u00f3lne<\/strong><\/p><p><strong>\u00a7 3. Administrator danych osobowych<\/strong><\/p><p><strong>\u00a7 4. Przetwarzanie danych osobowych<\/strong><\/p><p><strong>\u00a7 5. Ochrona danych osobowych<\/strong><\/p><p><strong>\u00a7 6. Prawa U\u017cytkownika i dodatkowe informacje o sposobie wykorzystania danych<\/strong><\/p><p><strong>\u00a7 7. Pliki Cookies<\/strong><\/p><p><strong> <img decoding=\"async\" class=\"size-medium wp-image-253 aligncenter\" src=\"https:\/\/www.ecotherapyinstitute.eu\/wp-content\/uploads\/2024\/01\/Kopia-Bez-nazwy-300x150.png\" alt=\"\" width=\"300\" height=\"150\" srcset=\"https:\/\/www.ecotherapyinstitute.eu\/wp-content\/uploads\/2024\/01\/Kopia-Bez-nazwy-300x150.png 300w, https:\/\/www.ecotherapyinstitute.eu\/wp-content\/uploads\/2024\/01\/Kopia-Bez-nazwy-768x384.png 768w, https:\/\/www.ecotherapyinstitute.eu\/wp-content\/uploads\/2024\/01\/Kopia-Bez-nazwy.png 1000w\" sizes=\"(max-width: 300px) 100vw, 300px\" \/><\/strong><\/p><p><strong>\u00a7 1. Definicje<\/strong><\/p><p><strong>Administrator Danych<\/strong> \u2013podmiot, jednostka, osoba fizyczna lub prawna, organ publiczny, kt\u00f3ry samodzielnie lub wsp\u00f3lnie z innymi ustala cele i sposoby przetwarzania danych osobowych.<\/p><p><strong>Dane osobowe<\/strong> \u2013 wszystkie informacje o zidentyfikowanej lub mo\u017cliwej do zidentyfikowania osobie fizycznej (osobie, kt\u00f3rej dotycz\u0105 dane), poprzez jeden, b\u0105d\u017a kilka szczeg\u00f3lnych czynnik\u00f3w takich jak imi\u0119 i nazwisko, dane o lokalizacji, identyfikator internetowy, numer IP urz\u0105dzenia, numer telefonu oraz \u00a0przez informacje gromadzone za po\u015brednictwem plik\u00f3w cookie oraz innej, podobnej technologii lub okre\u015blaj\u0105cych fizyczn\u0105, fizjologiczn\u0105, genetyczn\u0105, psychiczn\u0105, ekonomiczn\u0105, kulturow\u0105 lub spo\u0142eczn\u0105 to\u017csamo\u015b\u0107 osoby .<\/p><p><strong>Podmiot przetwarzaj\u0105cy (procesor)<\/strong> \u2013osoba fizyczna lub prawna, jednostka, organ publiczny lub inny podmiot, kt\u00f3ry\u00a0przetwarza dane osobowe w\u00a0imieniu Administratora Danych.<\/p><p><strong>Przetwarzanie danych osobowych<\/strong> -operacja lub zestaw operacji wykonywanych na danych osobowych lub zestawach danych osobowych w spos\u00f3b zautomatyzowany lub niezautomatyzowany, taka jak zbieranie, utrwalanie, organizowanie, porz\u0105dkowanie, przechowywanie, adaptowanie lub modyfikowanie, pobieranie, przegl\u0105danie, wykorzystywanie, ujawnianie poprzez przes\u0142anie, rozpowszechnianie lub innego rodzaju udost\u0119pnianie, dopasowywanie lub \u0142\u0105czenie, ograniczanie, usuwanie lub niszczenie.<\/p><p><strong>RODO <\/strong>\u2013 Rozporz\u0105dzenie Parlamentu Europejskiego i\u00a0Rady (UE) 2016\/679 z\u00a0dnia 27 kwietnia 2016\u00a0r. w\u00a0sprawie ochrony os\u00f3b fizycznych w\u00a0zwi\u0105zku z\u00a0przetwarzaniem danych osobowych i\u00a0w\u00a0sprawie swobodnego przep\u0142ywu takich danych oraz\u00a0uchylenia dyrektywy 95\/46\/WE (og\u00f3lne rozporz\u0105dzenie o\u00a0ochronie danych),<\/p><p><strong>U\u017cytkownik<\/strong> \u2013 osoba fizyczna odwiedzaj\u0105ca niniejszy Serwis www (stron\u0119 internetow\u0105) lub korzystaj\u0105ca z jednej lub kilku us\u0142ug albo funkcjonalno\u015bci udost\u0119pnianych na serwisie Administratora Danych<\/p><p><strong>Ustawa <\/strong>\u2013 obowi\u0105zuj\u0105ca Ustawa o\u00a0ochronie danych osobowych.<\/p><p><strong>\u00a7 2. Informacje og\u00f3lne<\/strong><\/p><p>Niniejsza polityka prywatno\u015bci dotyczy serwisu www, funkcjonuj\u0105cego pod\u00a0adresem url: <strong>www.ecotherapyinstitute.eu<\/strong><\/p><p>Operatorem serwisu oraz Administratorem danych osobowych jest: Centrum Terapii Le\u015bnej Katarzyna Simonienko \u00a0z siedzib\u0105 przy ul. Weso\u0142a 36\/14, 15-306 Bia\u0142ystok,\u00a0 NIP 5432144582, REGON 386884310.<\/p><p><strong>\u00a7 3. Administrator danych osobowych<\/strong><\/p><ul><li>Adres kontaktowy poczty elektronicznej operatora: info@ecotherapyinstitute.eu<\/li><li>Operator jest Administratorem\u00a0danych osobowych U\u017cytkownik\u00f3w w\u00a0odniesieniu do\u00a0danych podanych dobrowolnie w\u00a0Serwisie i zapisanych w urz\u0105dzeniach ko\u0144cowych plik\u00f3w cookie (tzw. \u201eciasteczka\u201d).<\/li><li>Serwis realizuje funkcje pozyskiwania informacji o\u00a0u\u017cytkownikach i\u00a0ich zachowaniu w\u00a0nast\u0119puj\u0105cy spos\u00f3b:<\/li><\/ul><ol><li style=\"list-style-type: none;\"><ol><li>Poprzez dobrowolnie wprowadzone w\u00a0formularzach dane, kt\u00f3re zostaj\u0105 wprowadzone do\u00a0system\u00f3w Operatora.<\/li><li>Poprzez zapisywanie w\u00a0urz\u0105dzeniach ko\u0144cowych plik\u00f3w cookie (tzw. \u201eciasteczka\u201d).<\/li><li>Poprzez otrzymywanie maili od U\u017cytkownik\u00f3w<\/li><\/ol><\/li><\/ol><p><strong>\u00a74. Przetwarzanie danych osobowych:<\/strong><\/p><p>\u00a0Je\u015bli u\u017cytkownik uzupe\u0142ni formularz np. celem wys\u0142ania zg\u0142oszenia na dane zaj\u0119cia lub skontaktuje si\u0119 z nami drog\u0105 mailow\u0105, to przetwarzane s\u0105 jego dane takie jak: imi\u0119, nazwisko, nr telefonu, adres e-mail, adres IP. Dane osobowe przetwarzane s\u0105 zgodnie z przepisami dotycz\u0105cymi ochrony danych osobowych (m. in. RODO); zgodnie z niniejsz\u0105 Polityk\u0105 Prywatno\u015bci; w zakresie i celu niezb\u0119dnym do prawid\u0142owej realizacji Us\u0142ug \u015bwiadczonych drog\u0105 elektroniczn\u0105<\/p><p>Serwis wykorzystuje dane osobowe w\u00a0nast\u0119puj\u0105cych celach:<\/p><ol><li>Obs\u0142uga zg\u0142osze\u0144 przez\u00a0formularz<\/li><li>Kontakt mailowy lub telefoniczny<\/li><li>Prezentacja oferty lub informacji<\/li><\/ol><p><strong>Informacje w\u00a0formularzach<\/strong><\/p><ol><li>Serwis zbiera informacje podane dobrowolnie przez\u00a0u\u017cytkownika, w\u00a0tym dane osobowe, o\u00a0ile zostan\u0105 one podane.<\/li><li>Serwis mo\u017ce zapisa\u0107 informacje o\u00a0parametrach po\u0142\u0105czenia (oznaczenie czasu, adres IP).<\/li><li>Serwis, w niekt\u00f3rych wypadkach, mo\u017ce zapisa\u0107 informacj\u0119 u\u0142atwiaj\u0105c\u0105 powi\u0105zanie danych w formularzu z adresem e-mail u\u017cytkownika wype\u0142niaj\u0105cego formularz. W takim wypadku adres e-mail u\u017cytkownika pojawia si\u0119 wewn\u0105trz adresu url strony zawieraj\u0105cej formularz.<\/li><li>Dane podane w formularzu s\u0105 przetwarzane w celu wynikaj\u0105cym z funkcji konkretnego formularza, np. w celu dokonania procesu obs\u0142ugi zg\u0142oszenia serwisowego lub kontaktu handlowego, rejestracji us\u0142ug itp. Ka\u017cdorazowo kontekst i opis formularza w czytelny spos\u00f3b informuje, do czego on s\u0142u\u017cy.<\/li><\/ol><ul><li>Dane osobowe mog\u0105 by\u0107 udost\u0119pniane przez Administratora Danych innym odbiorcom jedynie w wyj\u0105tkowych przypadkach np. je\u015bli b\u0119dzie to niezb\u0119dne do wykonania zawartej z U\u017cytkownikiem umowy lub do zrealizowania obowi\u0105zk\u00f3w ci\u0105\u017c\u0105cych na Administratorze. W szczeg\u00f3lno\u015bci podstaw\u0105 prawn\u0105 udost\u0119pnienia, mog\u0105 by\u0107 przepisy prawa, kt\u00f3re zezwalaj\u0105 organom publicznym na dost\u0119p do danych osobowych.<\/li><\/ul><p>W zale\u017cno\u015bci od potrzeb mog\u0105 to by\u0107 nast\u0119puj\u0105ce grupy odbiorc\u00f3w:<\/p><ul><li>w\u0142adze publiczne, m. in. organy podatkowe, s\u0105dy<\/li><li>upowa\u017cnieni pracownicy i\u00a0wsp\u00f3\u0142pracownicy, kt\u00f3rzy\u00a0korzystaj\u0105 z\u00a0danych w\u00a0celu realizacji celu dzia\u0142ania strony<\/li><li>firmy \u015bwiadcz\u0105ce us\u0142ugi hostingu, rozwi\u0105za\u0144 informatycznych oraz IT\u00a0<\/li><li>podmioty\/firmy\/osoby, kt\u00f3re \u015bwiadcz\u0105 us\u0142ugi na rzecz Administratora Danych, np. w zakresie HR, marketingu i reklamy, ksi\u0119gowo\u015bci, logistyczne, doradcze i prawne<\/li><li>podmioty prowadz\u0105ce dzia\u0142alno\u015b\u0107 wsp\u00f3\u0142pracy z Administratorem Danych w zakresie oferowanych przez niego us\u0142ug, jak np. agroturystyka, hotel, turystyka- je\u015bli jest to konieczne np. do rezerwacji nocleg\u00f3w lub zakupu bilet\u00f3w na potrzeby U\u017cytkownik\u00f3w<\/li><\/ul><p><strong> \u00a7 5.<\/strong> <strong>Ochrona danych osobowych<\/strong><\/p><p>Ochrona danych odbywa si\u0119 zgodnie z wymogami powszechnie obowi\u0105zuj\u0105cych przepis\u00f3w prawa, a ich przechowywanie ma miejsce na zabezpieczonych serwerach. U\u017cywany protoko\u0142u szyfrowania komunikacji (SSL)\u00a0.<\/p><p><strong>\u00a7 6. Prawa U\u017cytkownika i dodatkowe informacje o sposobie wykorzystania danych<\/strong><\/p><ol><li>Ka\u017cda osoba (U\u017cytkownik), kt\u00f3rej dane dotycz\u0105, ma prawo do:<\/li><\/ol><ul><li>dost\u0119pu do tre\u015bci swoich danych osobowych <strong>(art. 15 RODO)<\/strong><\/li><li>ich sprostowania (poprawiania, uzupe\u0142niania) <strong>(art. 16 RODO)<\/strong><\/li><li>usuni\u0119cia danych <strong>(art. 17 RODO)<\/strong>,<\/li><li>ograniczenia ich przetwarzania <strong>(art. 18 RODO)<\/strong><\/li><li>przenoszenia danych, <strong>(art. 20 RODO)<\/strong><\/li><li>wniesienia sprzeciwu wobec dalszego przetwarzania swoich danych osobowych, <strong>(art. 21 RODO)<\/strong><\/li><li>niepodlegania zautomatyzowanym decyzjom<strong> (art. 22 RODO)<\/strong><\/li><li>wycofania zgody <strong>(art. 7 RODO)<\/strong><\/li><\/ul><ol start=\"2\"><li>Usuni\u0119cie danych osobowych mo\u017ce nast\u0105pi\u0107 na skutek cofni\u0119cia wyra\u017conej zgody w dowolnym momencie. Wycofanie zgody nie ma wp\u0142ywu na zgodno\u015b\u0107 z prawem przetwarzania danych osobowych U\u017cytkownika, kt\u00f3rego dokonano na podstawie udzielonej zgody przed jej cofni\u0119ciem. Wskutek odwo\u0142ania zgody nast\u0119puje brak mo\u017cliwo\u015bci przetwarzania danych osobowych z\u00a0powo\u0142aniem si\u0119 na\u00a0t\u0119\u00a0w\u0142a\u015bnie podstaw\u0119 przetwarzania danych w\u00a0przysz\u0142o\u015bci.<\/li><li>U\u017cytkownikowi przys\u0142uguje\u00a0prawo do\u00a0z\u0142o\u017cenia sprzeciwu w\u00a0zakresie przetwarzania<br \/>danych osobowych w\u00a0celu wykonania prawnie uzasadnionych interes\u00f3w realizowanych przez\u00a0Administratora, w\u00a0tym profilowania, przy czym prawo sprzeciwu<br \/>nie\u00a0b\u0119dzie mog\u0142o by\u0107 wykonane w\u00a0przypadku istnienia wa\u017cnych prawnie<br \/>uzasadnionych podstaw do\u00a0przetwarzania, nadrz\u0119dnych wobec U\u017cytkownika<br \/>interes\u00f3w, praw i\u00a0wolno\u015bci, w\u00a0szczeg\u00f3lno\u015bci ustalenia, dochodzenia lub<br \/>obrony roszcze\u0144.<\/li><li>Kontakt z osob\u0105 nadzoruj\u0105c\u0105 przetwarzanie danych osobowych serwisu jest mo\u017cliwy drog\u0105\u00a0elektroniczn\u0105 pod adresem e-mail: <a href=\"mailto:ecotherapyinstitute@gmail.com\">info@ecotherapyinstitute.eu<\/a><\/li><li>Na\u00a0dzia\u0142ania Administratora przys\u0142uguje skarga do\u00a0Prezesa Urz\u0119du Ochrony Danych Osobowych, ul.\u00a0Stawki 2, 00-193 Warszawa.<\/li><li>Podanie danych osobowych jest dobrowolne, lecz\u00a0niezb\u0119dne do\u00a0obs\u0142ugi Serwisu.<\/li><li>W\u00a0stosunku do\u00a0U\u017cytkownika mog\u0105 by\u0107 podejmowane czynno\u015bci polegaj\u0105ce<br \/>na\u00a0zautomatyzowanym podejmowaniu decyzji, w\u00a0tym profilowaniu w\u00a0celu<br \/>\u015bwiadczenia us\u0142ug w\u00a0ramach zawartej umowy oraz\u00a0w\u00a0celu prowadzenia<br \/>przez\u00a0Administratora marketingu bezpo\u015bredniego.<\/li><li>Dane osobowe nie\u00a0s\u0105\u00a0przekazywane od\u00a0kraj\u00f3w trzecich w\u00a0rozumieniu<br \/>przepis\u00f3w o\u00a0ochronie danych osobowych. Oznacza to, \u017ce\u00a0nie\u00a0przesy\u0142amy ich<br \/>poza teren Unii Europejskiej.<\/li><\/ol><p><strong>\u00a7 7. Pliki Cookies<br \/><\/strong><\/p><ol><li>Serwis korzysta z\u00a0plik\u00f3w cookies (tzw. \u201eciasteczka\u201d)<\/li><li>Pliki cookies stanowi\u0105 dane informatyczne, w szczeg\u00f3lno\u015bci niewielkie pliki tekstowe wysy\u0142ane przez serwer www, przechowywane w urz\u0105dzeniu ko\u0144cowym U\u017cytkownika Serwisu i przeznaczone s\u0105 do korzystania ze stron internetowych Serwisu.<\/li><li>Kiedy przegl\u0105darka ponownie po\u0142\u0105czy si\u0119 ze stron\u0105, witryna rozpoznaje rodzaj urz\u0105dzenia, z kt\u00f3rego \u0142\u0105czy si\u0119 u\u017cytkownik. Parametry pozwalaj\u0105 na odczytanie informacji w nich zawartych jedynie serwerowi, kt\u00f3ry je utworzy\u0142. Cookies u\u0142atwiaj\u0105 wi\u0119c korzystanie z wcze\u015bniej odwiedzonych witryn.<\/li><li>Cookies zazwyczaj zawieraj\u0105 nazw\u0119 strony internetowej, z kt\u00f3rej pochodz\u0105, czas przechowywania ich na urz\u0105dzeniu ko\u0144cowym, unikalny numer IP, typ wykorzystywanej przegl\u0105darki, j\u0119zyk, rodzaj systemu operacyjnego, dostawc\u0119 us\u0142ug internetowych, informacje o czasie i dacie i lokalizacji.<\/li><li>Podmiotem zamieszczaj\u0105cym na urz\u0105dzeniu ko\u0144cowym U\u017cytkownika Serwisu pliki cookies oraz uzyskuj\u0105cym do nich dost\u0119p jest Operator Serwisu.<\/li><li>Pliki cookies wykorzystywane s\u0105\u00a0w\u00a0nast\u0119puj\u0105cych celach:<\/li><\/ol><ul><li>tworzenia statystyk, kt\u00f3re pomagaj\u0105 zrozumie\u0107, w jaki spos\u00f3b U\u017cytkownicy Serwisu korzystaj\u0105 ze stron internetowych, co umo\u017cliwia ulepszanie ich struktury i zawarto\u015bci;<\/li><li>okre\u015blania profilu U\u017cytkownika w celu wy\u015bwietlania mu dopasowanych materia\u0142\u00f3w w sieciach reklamowych, w szczeg\u00f3lno\u015bci sieci Google.<\/li><\/ul><p>Operator stosuje analiz\u0119 statystyczn\u0105 ruchu na stronie, poprzezGoogle Analytics (Google Inc. z siedzib\u0105 w USA). Zebrane dane s\u0142u\u017c\u0105 do monitorowania i sprawdzenia, w jaki spos\u00f3b u\u017cytkownicy korzystaj\u0105 z Serwisu, aby usprawnia\u0107 jego funkcjonowanie. Operator nie przekazuje do operatora tej us\u0142ugi danych osobowych, a jedynie zanonimizowane informacje. Us\u0142uga bazuje na wykorzystaniu ciasteczek w urz\u0105dzeniu ko\u0144cowym U\u017cytkownika. W zakresie informacji o preferencjach U\u017cytkownika gromadzonych przez sie\u0107 reklamow\u0105 Google U\u017cytkownik mo\u017ce przegl\u0105da\u0107 i edytowa\u0107 informacje wynikaj\u0105ce z plik\u00f3w cookies przy pomocy narz\u0119dzia:<br \/><a href=\"https:\/\/www.google.com\/ads\/preferences\/\">https:\/\/www.google.com\/ads\/preferences\/<\/a><\/p><p>\u00a0\u00a0\u00a0\u00a0\u00a0 7. W ramach Serwisu stosowane s\u0105 dwa zasadnicze rodzaje plik\u00f3w cookies: \u201esesyjne\u201d (session cookies) oraz \u201esta\u0142e\u201d (persistent cookies). Cookies \u201esesyjne\u201d s\u0105 plikami tymczasowymi, kt\u00f3re przechowywane s\u0105 w urz\u0105dzeniu ko\u0144cowym U\u017cytkownika do czasu wylogowania, opuszczenia strony internetowej lub wy\u0142\u0105czenia oprogramowania (przegl\u0105darki internetowej). \u201eSta\u0142e\u201d pliki cookies przechowywane s\u0105 w urz\u0105dzeniu ko\u0144cowym U\u017cytkownika przez czas okre\u015blony w parametrach plik\u00f3w cookies lub do czasu ich usuni\u0119cia przez U\u017cytkownika.<\/p><p>\u00a0\u00a0\u00a0\u00a0 8. Oprogramowanie do przegl\u0105dania stron internetowych (przegl\u0105darka internetowa) zazwyczaj domy\u015blnie dopuszcza przechowywanie plik\u00f3w cookies w urz\u0105dzeniu ko\u0144cowym U\u017cytkownika. U\u017cytkownicy Serwisu mog\u0105 dokona\u0107 zmiany ustawie\u0144 w tym zakresie. Przegl\u0105darka internetowa umo\u017cliwia usuni\u0119cie plik\u00f3w cookies. Mo\u017cliwe jest tak\u017ce automatyczne blokowanie<br \/>plik\u00f3w cookies Szczeg\u00f3\u0142owe informacje na ten temat zawiera pomoc lub dokumentacja przegl\u0105darki internetowej.<\/p><p>\u00a0\u00a0\u00a0\u00a0 9. Ograniczenia stosowania plik\u00f3w cookies mog\u0105 wp\u0142yn\u0105\u0107 na niekt\u00f3re funkcjonalno\u015bci dost\u0119pne na stronach internetowych Serwisu.<\/p><p>\u00a0\u00a0\u00a0\u00a0 10. Pliki cookies zamieszczane w urz\u0105dzeniu ko\u0144cowym U\u017cytkownika Serwisu wykorzystywane mog\u0105 by\u0107 r\u00f3wnie\u017c przez wsp\u00f3\u0142pracuj\u0105ce z operatorem Serwisu podmioty, w szczeg\u00f3lno\u015bci dotyczy to sieci reklamowych i firm: Google (Google Inc.<br \/>z\u00a0siedzib\u0105 w\u00a0USA), Facebook (Facebook Inc. z\u00a0siedzib\u0105 w\u00a0USA) np. do wy\u015bwietlenia reklam dopasowanych do sposobu, w jaki u\u017cytkownik korzysta z Serwisu. W tym celu mog\u0105 zachowa\u0107 informacj\u0119 o \u015bcie\u017cce nawigacji u\u017cytkownika lub czasie pozostawania na danej stronie.<\/p><ol start=\"11\"><li>Inne us\u0142ugi i wtyczki Serwisu, kt\u00f3re mog\u0105 przetwarza\u0107 cookies w zale\u017cno\u015bci od aktywno\u015bci u\u017cytkownika na stronie to:<\/li><\/ol><p>Facebook (<a href=\"https:\/\/www.facebook.com\/privacy\/center\/?entry_point=privacy_basics_redirect\">polityka prywatno\u015bci<\/a>)<\/p><p>Instagram (<a href=\"https:\/\/privacycenter.instagram.com\/policy\/?entry_point=ig_help_center_data_policy_redirect\">polityka prywatno\u015bc<\/a>i)<\/p><p>\u00a0\u00a0\u00a0\u00a0\u00a0 12. Zarz\u0105dzanie plikami cookies \u2013 jak w praktyce wyra\u017ca\u0107 i cofa\u0107 zgod\u0119?<\/p><ul><li>Je\u015bli u\u017cytkownik nie chce otrzymywa\u0107 plik\u00f3w cookies, mo\u017ce zmieni\u0107 ustawienia przegl\u0105darki internetowej. Zastrzegamy, \u017ce wy\u0142\u0105czenie obs\u0142ugi plik\u00f3w cookies niezb\u0119dnych dla proces\u00f3w uwierzytelniania, bezpiecze\u0144stwa, utrzymania preferencji u\u017cytkownika mo\u017ce utrudni\u0107, a w skrajnych przypadkach mo\u017ce uniemo\u017cliwi\u0107 korzystanie ze stron www<\/li><li>W zakresie informacji o preferencjach u\u017cytkownika gromadzonych przez sie\u0107 reklamow\u0105 Google u\u017cytkownik mo\u017ce przegl\u0105da\u0107 i edytowa\u0107 informacje wynikaj\u0105ce z plik\u00f3w cookies przy pomocy narz\u0119dzia: <a href=\"https:\/\/www.google.com\/ads\/preferences\/\">https:\/\/www.google.com\/ads\/preferences\/<\/a>.<\/li><\/ul>\t\t\t\t\t\t<\/div>\n\t\t\t\t<\/div>\n\t\t\t\t\t<\/div>\n\t\t<\/div>\n\t\t\t\t\t\t\t<\/div>\n\t\t<\/section>\n\t\t\t\t\t\t\t<\/div>\n\t\t","protected":false},"excerpt":{"rendered":"<p>Polityka Prywatno\u015bci Instytutu Ekoterapii Relacyjnej \u00a0 \u00a7 1. Definicje \u00a7 2. Informacje og\u00f3lne \u00a7 3. Administrator danych osobowych \u00a7 4. Przetwarzanie danych osobowych \u00a7 5. Ochrona danych osobowych \u00a7 6. Prawa U\u017cytkownika i dodatkowe informacje o sposobie wykorzystania danych \u00a7 7. Pliki Cookies \u00a7 1. Definicje Administrator Danych \u2013podmiot, jednostka, osoba fizyczna lub prawna, organ &hellip; <\/p>\n","protected":false},"author":1,"featured_media":0,"parent":0,"menu_order":0,"comment_status":"closed","ping_status":"closed","template":"","meta":{"footnotes":""},"class_list":["post-1101","page","type-page","status-publish","hentry"],"_links":{"self":[{"href":"https:\/\/www.ecotherapyinstitute.eu\/index.php\/wp-json\/wp\/v2\/pages\/1101","targetHints":{"allow":["GET"]}}],"collection":[{"href":"https:\/\/www.ecotherapyinstitute.eu\/index.php\/wp-json\/wp\/v2\/pages"}],"about":[{"href":"https:\/\/www.ecotherapyinstitute.eu\/index.php\/wp-json\/wp\/v2\/types\/page"}],"author":[{"embeddable":true,"href":"https:\/\/www.ecotherapyinstitute.eu\/index.php\/wp-json\/wp\/v2\/users\/1"}],"replies":[{"embeddable":true,"href":"https:\/\/www.ecotherapyinstitute.eu\/index.php\/wp-json\/wp\/v2\/comments?post=1101"}],"version-history":[{"count":4,"href":"https:\/\/www.ecotherapyinstitute.eu\/index.php\/wp-json\/wp\/v2\/pages\/1101\/revisions"}],"predecessor-version":[{"id":1105,"href":"https:\/\/www.ecotherapyinstitute.eu\/index.php\/wp-json\/wp\/v2\/pages\/1101\/revisions\/1105"}],"wp:attachment":[{"href":"https:\/\/www.ecotherapyinstitute.eu\/index.php\/wp-json\/wp\/v2\/media?parent=1101"}],"curies":[{"name":"wp","href":"https:\/\/api.w.org\/{rel}","templated":true}]}}